{"id":88,"date":"2016-09-08T17:16:03","date_gmt":"2016-09-08T15:16:03","guid":{"rendered":"http:\/\/ksi.ue.wroc.pl\/?page_id=88"},"modified":"2022-05-13T12:45:14","modified_gmt":"2022-05-13T10:45:14","slug":"pracownicy","status":"publish","type":"page","link":"https:\/\/ksi.ue.wroc.pl\/index.php\/pracownicy\/","title":{"rendered":"Pracownicy"},"content":{"rendered":"<h3 style=\"text-align: center;\">Artur Rot<\/h3>\n<p style=\"text-align: center;\"><em>Kierownik Katedry, Profesor Uczelni<br \/>\n<\/em><br \/>\n<img loading=\"lazy\" decoding=\"async\" class=\"alignnone wp-image-1502\" src=\"http:\/\/ksi.ue.wroc.pl\/wp-content\/uploads\/2022\/05\/DSC06948-300x300.jpg\" alt=\"\" width=\"186\" height=\"186\" srcset=\"https:\/\/ksi.ue.wroc.pl\/wp-content\/uploads\/2022\/05\/DSC06948-300x300.jpg 300w, https:\/\/ksi.ue.wroc.pl\/wp-content\/uploads\/2022\/05\/DSC06948-1024x1024.jpg 1024w, https:\/\/ksi.ue.wroc.pl\/wp-content\/uploads\/2022\/05\/DSC06948-150x150.jpg 150w, https:\/\/ksi.ue.wroc.pl\/wp-content\/uploads\/2022\/05\/DSC06948-768x768.jpg 768w, https:\/\/ksi.ue.wroc.pl\/wp-content\/uploads\/2022\/05\/DSC06948-1536x1536.jpg 1536w, https:\/\/ksi.ue.wroc.pl\/wp-content\/uploads\/2022\/05\/DSC06948.jpg 2048w\" sizes=\"(max-width: 186px) 100vw, 186px\" \/><\/p>\n<p style=\"text-align: center;\">Bud. Z, pok. 708<br \/>\ntel. 71-3680-369<br \/>\ntel. 71-3680-379 (sekretariat)<br \/>\n<a href=\"mailto:artur.rot@ue.wroc.pl\">artur.rot@ue.wroc.pl<br \/>\n<\/a>www (Polski):\u00a0<a href=\"http:\/\/ksi.ue.wroc.pl\/index.php\/artur-rot\/\">http:\/\/ksi.ue.wroc.pl\/index.php\/artur-rot\/<br \/>\n<\/a>www (English):\u00a0<a href=\"http:\/\/ksi.ue.wroc.pl\/index.php\/artur-rot-eng\/\">http:\/\/ksi.ue.wroc.pl\/index.php\/artur-rot-eng\/<\/a><\/p>\n<table id=\"t01\">\n<tbody>\n<tr>\n<td width=\"461\">\n<h3 style=\"text-align: center;\">Bogdan Franczyk<\/h3>\n<p style=\"text-align: center;\"><em>prof. dr hab. in\u017c.<br \/>\n<\/em><em>profesor zwyczajny<\/em><\/p>\n<p style=\"text-align: center;\"><img loading=\"lazy\" decoding=\"async\" class=\"alignnone size-full wp-image-92\" src=\"http:\/\/ksi.ue.wroc.pl\/wp-content\/uploads\/2016\/09\/bogdan.franczyk.png\" alt=\"bogdan-franczyk\" width=\"150\" height=\"150\" \/><\/p>\n<p style=\"text-align: center;\">Bud. Z, pok. 711<br \/>\ntel. 71-3680-496<br \/>\n<a href=\"mailto:bogdan.franczyk@ue.wroc.pl\">bogdan.franczyk@ue.wroc.pl<\/a><\/p>\n<\/td>\n<td width=\"461\">\n<h3 style=\"text-align: center;\">Renata Ga\u0142aszkiewicz<\/h3>\n<p style=\"text-align: center;\"><em>mgr<br \/>\n<\/em><em>specjalista, sekretariat Katedry<\/em><\/p>\n<p style=\"text-align: center;\"><img loading=\"lazy\" decoding=\"async\" class=\"alignnone size-full wp-image-93\" src=\"http:\/\/ksi.ue.wroc.pl\/wp-content\/uploads\/2016\/09\/renata.galaszkiewicz.png\" alt=\"renata-galaszkiewicz\" width=\"150\" height=\"150\" \/><\/p>\n<p style=\"text-align: center;\">Bud. Z, pok. 714<br \/>\ntel. 71-3680-379<br \/>\n<a href=\"mailto:renata.galaszkiewicz@ue.wroc.pl\">renata.galaszkiewicz@ue.wroc.pl<\/a><\/p>\n<\/td>\n<\/tr>\n<tr>\n<td width=\"461\">\n<h3>Wies\u0142awa Gryncewicz<\/h3>\n<p style=\"text-align: center;\"><em>dr<br \/>\n<\/em><em>adiunkt, kierownik projektu ActGo-Gate<\/em><\/p>\n<p style=\"text-align: center;\"><img loading=\"lazy\" decoding=\"async\" class=\"alignnone wp-image-156\" src=\"http:\/\/ksi.ue.wroc.pl\/wp-content\/uploads\/2016\/09\/Wiesia_08-283x300.jpg\" alt=\"wiesia_08\" width=\"142\" height=\"151\" srcset=\"https:\/\/ksi.ue.wroc.pl\/wp-content\/uploads\/2016\/09\/Wiesia_08-283x300.jpg 283w, https:\/\/ksi.ue.wroc.pl\/wp-content\/uploads\/2016\/09\/Wiesia_08.jpg 290w\" sizes=\"(max-width: 142px) 100vw, 142px\" \/><\/p>\n<p style=\"text-align: center;\">Bud. Z, pok. 709<br \/>\ntel. 71-3680-506<br \/>\n<a href=\"mailto:wieslawa.gryncewicz@ue.wroc.pl\">wieslawa.gryncewicz@ue.wroc.pl<\/a><\/p>\n<\/td>\n<td style=\"text-align: center;\" width=\"461\">\n<h3>Robert Kutera<\/h3>\n<p style=\"text-align: center;\"><em>mgr<br \/>\n<\/em><em>specjalista, projekt ActGo-Gate<\/em><\/p>\n<p style=\"text-align: center;\"><img loading=\"lazy\" decoding=\"async\" class=\"alignnone wp-image-98\" src=\"http:\/\/ksi.ue.wroc.pl\/wp-content\/uploads\/2016\/09\/Robert_profile_small.jpg\" alt=\"robert_profile_small\" width=\"149\" height=\"149\" \/><\/p>\n<p style=\"text-align: center;\">Bud. Z, pok. 507<br \/>\ntel. 71-3680-819<br \/>\n<a href=\"mailto:robert.kutera@ue.wroc.pl\">robert.kutera@ue.wroc.pl<\/a><\/p>\n<\/td>\n<\/tr>\n<tr>\n<td width=\"461\"><\/td>\n<td style=\"text-align: center;\" width=\"461\"><\/td>\n<\/tr>\n<tr>\n<td style=\"text-align: center;\" width=\"461\">\n<h3>Maja Leszczy\u0144ska<\/h3>\n<p style=\"text-align: center;\"><em>dr<br \/>\n<\/em><em>adiunkt, kierownik st. podypl. Cybersecurity Management<\/em><\/p>\n<p style=\"text-align: center;\"><img loading=\"lazy\" decoding=\"async\" class=\"alignnone size-full wp-image-99\" src=\"http:\/\/ksi.ue.wroc.pl\/wp-content\/uploads\/2016\/09\/maja.leszczynska-1.png\" alt=\"maja-leszczynska\" width=\"150\" height=\"150\" \/><\/p>\n<p style=\"text-align: center;\">Bud. Z, pok. 709<br \/>\ntel. 71-3680-506;\u00a0691 679 625<br \/>\n<a href=\"mailto:maja.leszczynska@ue.wroc.pl\">maja.leszczynska@ue.wroc.pl<\/a><\/p>\n<\/td>\n<td width=\"461\">\n<h3 style=\"text-align: center;\">Karol \u0141opaci\u0144ski<\/h3>\n<p style=\"text-align: center;\"><em>dr<br \/>\n<\/em><em>adiunkt<\/em><\/p>\n<p style=\"text-align: center;\"><img loading=\"lazy\" decoding=\"async\" class=\"alignnone size-full wp-image-100\" src=\"http:\/\/ksi.ue.wroc.pl\/wp-content\/uploads\/2016\/09\/karol.lopacinski.png\" alt=\"karol-lopacinski\" width=\"150\" height=\"150\" \/><\/p>\n<p style=\"text-align: center;\">Bud. Z, pok. 710<br \/>\ntel. 71-3680-426<br \/>\n<a href=\"mailto:karol.lopacinski@ue.wroc.pl\">karol.lopacinski@ue.wroc.pl<\/a><\/p>\n<\/td>\n<\/tr>\n<tr>\n<td width=\"461\">\n<h3 style=\"text-align: center;\">\u0141ukasz \u0141ysik<\/h3>\n<p style=\"text-align: center;\"><em>dr<br \/>\n<\/em><i>adiunkt, opiekun ko\u0142a naukowego Elektron<\/i><\/p>\n<p style=\"text-align: center;\"><img loading=\"lazy\" decoding=\"async\" class=\"alignnone wp-image-101\" src=\"http:\/\/ksi.ue.wroc.pl\/wp-content\/uploads\/2016\/09\/ll2-1.png\" alt=\"ll2\" width=\"150\" height=\"150\" srcset=\"https:\/\/ksi.ue.wroc.pl\/wp-content\/uploads\/2016\/09\/ll2-1.png 220w, https:\/\/ksi.ue.wroc.pl\/wp-content\/uploads\/2016\/09\/ll2-1-150x150.png 150w\" sizes=\"(max-width: 150px) 100vw, 150px\" \/><\/p>\n<p style=\"text-align: center;\">Bud. Z, pok. 705<br \/>\ntel. 71-3680-403<br \/>\n<a href=\"mailto:lukasz.lysik@ue.wroc.pl\">lukasz.lysik@ue.wroc.pl<\/a><\/p>\n<\/td>\n<td width=\"461\">\n<h3 style=\"text-align: center;\">Piotr Machura<\/h3>\n<p style=\"text-align: center;\"><em>mgr<br \/>\n<\/em><i>doktorant<\/i><\/p>\n<p style=\"text-align: center;\"><img loading=\"lazy\" decoding=\"async\" class=\"alignnone wp-image-102\" src=\"http:\/\/ksi.ue.wroc.pl\/wp-content\/uploads\/2016\/09\/ksi-pm-300x300.jpg\" alt=\"ksi-pm\" width=\"149\" height=\"149\" srcset=\"https:\/\/ksi.ue.wroc.pl\/wp-content\/uploads\/2016\/09\/ksi-pm-300x300.jpg 300w, https:\/\/ksi.ue.wroc.pl\/wp-content\/uploads\/2016\/09\/ksi-pm-150x150.jpg 150w, https:\/\/ksi.ue.wroc.pl\/wp-content\/uploads\/2016\/09\/ksi-pm.jpg 600w\" sizes=\"(max-width: 149px) 100vw, 149px\" \/><\/p>\n<p style=\"text-align: center;\">Bud. Z, pok. 507<br \/>\ntel. 71-3680-819<br \/>\n<a href=\"mailto:piotr.machura@ue.wroc.pl\">piotr.machura@ue.wroc.pl<\/a><\/p>\n<\/td>\n<\/tr>\n<tr>\n<td width=\"461\">\n<h3 style=\"text-align: center;\">Leszek Maciaszek<\/h3>\n<p style=\"text-align: center;\"><em>prof. dr hab.<br \/>\n<\/em><em>profesor zwyczajny<\/em><\/p>\n<p style=\"text-align: center;\"><img loading=\"lazy\" decoding=\"async\" class=\"alignnone size-full wp-image-103\" src=\"http:\/\/ksi.ue.wroc.pl\/wp-content\/uploads\/2016\/09\/leszek.maciaszek.png\" alt=\"leszek-maciaszek\" width=\"150\" height=\"150\" \/><\/p>\n<p style=\"text-align: center;\">Bud. Z, pok. 711<br \/>\ntel. 71-3680-496<br \/>\n<a href=\"mailto:leszek.maciaszek@ue.wroc.pl\">leszek.maciaszek@ue.wroc.pl<br \/>\n<\/a><a href=\"http:\/\/leszek.maciaszek.ue.wroc.pl\">leszek.maciaszek.ue.wroc.pl<\/a><\/p>\n<\/td>\n<td width=\"461\">\n<h3 style=\"text-align: center;\">Andrzej Niesler<\/h3>\n<p style=\"text-align: center;\"><em>dr<br \/>\n<\/em><i>adiunkt<\/i><\/p>\n<p style=\"text-align: center;\"><img loading=\"lazy\" decoding=\"async\" class=\"alignnone size-full wp-image-104\" src=\"http:\/\/ksi.ue.wroc.pl\/wp-content\/uploads\/2016\/09\/andrzej.niesler.png\" alt=\"andrzej-niesler\" width=\"150\" height=\"150\" \/><\/p>\n<p style=\"text-align: center;\">Bud. Z, pok. 705<br \/>\ntel. 71-3680-403<br \/>\n<a href=\"mailto:andrzej.niesler@ue.wroc.pl\">andrzej.niesler@ue.wroc.pl<\/a><\/p>\n<\/td>\n<\/tr>\n<tr>\n<td width=\"461\">\n<h3 style=\"text-align: center;\">Gracja Niesler<\/h3>\n<p style=\"text-align: center;\"><em>dr<br \/>\n<\/em><i>adiunkt<\/i><\/p>\n<p style=\"text-align: center;\"><img loading=\"lazy\" decoding=\"async\" class=\"alignnone wp-image-105\" src=\"http:\/\/ksi.ue.wroc.pl\/wp-content\/uploads\/2016\/09\/gn-300x300.jpg\" alt=\"gn\" width=\"149\" height=\"149\" srcset=\"https:\/\/ksi.ue.wroc.pl\/wp-content\/uploads\/2016\/09\/gn-300x300.jpg 300w, https:\/\/ksi.ue.wroc.pl\/wp-content\/uploads\/2016\/09\/gn-150x150.jpg 150w, https:\/\/ksi.ue.wroc.pl\/wp-content\/uploads\/2016\/09\/gn.jpg 650w\" sizes=\"(max-width: 149px) 100vw, 149px\" \/><\/p>\n<p style=\"text-align: center;\">Bud. Z, pok. 705<br \/>\ntel. 71-3680-403<br \/>\n<a href=\"mailto:gracja.niesler@ue.wroc.pl\">gracja.niesler@ue.wroc.pl<\/a><\/p>\n<\/td>\n<td width=\"461\">\n<h3 style=\"text-align: center;\">Grzegorz Pitu\u0142a<\/h3>\n<p style=\"text-align: center;\"><em>mgr<br \/>\n<\/em><i>doktorant<\/i><\/p>\n<p style=\"text-align: center;\"><img loading=\"lazy\" decoding=\"async\" class=\"alignnone size-full wp-image-106\" src=\"http:\/\/ksi.ue.wroc.pl\/wp-content\/uploads\/2016\/09\/gp-150.jpg\" alt=\"gp-150\" width=\"150\" height=\"146\" \/><\/p>\n<p style=\"text-align: center;\">Bud. Z, pok. 507<br \/>\ntel. 71-3680-819<br \/>\n<a href=\"mailto:gracja.niesler@ue.wroc.pl\">gracja.niesler@ue.wroc.pl<\/a><\/p>\n<\/td>\n<\/tr>\n<tr>\n<td width=\"461\">\n<h3 style=\"text-align: center;\">Monika Sitarska-Buba<\/h3>\n<p style=\"text-align: center;\"><em><br \/>\ndr<br \/>\n<\/em><i>adiunkt<\/i><\/p>\n<p style=\"text-align: center;\"><img loading=\"lazy\" decoding=\"async\" class=\"alignnone size-full wp-image-107\" src=\"http:\/\/ksi.ue.wroc.pl\/wp-content\/uploads\/2016\/09\/monika.sitarska.png\" alt=\"monika-sitarska\" width=\"150\" height=\"150\" \/><\/p>\n<p style=\"text-align: center;\">Bud. Z, pok. 710<br \/>\ntel. 71-3680-426<br \/>\n<a href=\"mailto:monika.sitarska@ue.wroc.pl\">monika.sitarska@ue.wroc.pl<\/a><\/p>\n<\/td>\n<td width=\"461\">\n<h3 style=\"text-align: center;\">Ryszard Zyga\u0142a<\/h3>\n<p style=\"text-align: center;\"><em>dr<br \/>\n<\/em><i>adiunkt, pe\u0142nomocnik ds. Summer School, <em>kierownik st. podypl. Data Science<\/em><\/i><\/p>\n<p style=\"text-align: center;\"><img loading=\"lazy\" decoding=\"async\" class=\"alignnone wp-image-1377 size-thumbnail\" src=\"http:\/\/ksi.ue.wroc.pl\/wp-content\/uploads\/2020\/02\/4k5jiUhX_400x400-150x150.jpg\" alt=\"\" width=\"150\" height=\"150\" srcset=\"https:\/\/ksi.ue.wroc.pl\/wp-content\/uploads\/2020\/02\/4k5jiUhX_400x400-150x150.jpg 150w, https:\/\/ksi.ue.wroc.pl\/wp-content\/uploads\/2020\/02\/4k5jiUhX_400x400.jpg 160w\" sizes=\"(max-width: 150px) 100vw, 150px\" \/><\/p>\n<p style=\"text-align: center;\">Bud. Z, pok. 710<br \/>\ntel. 71-3680-426<br \/>\n<a href=\"mailto:ryszard.zygala@ue.wroc.pl\">ryszard.zygala@ue.wroc.pl<\/a><\/p>\n<\/td>\n<\/tr>\n<tr>\n<td>\n<h3 style=\"text-align: center;\">Pawe\u0142 Golec<\/h3>\n<p style=\"text-align: center;\"><em>mgr in\u017c.<br \/>\n<\/em><i>asystent<\/i><\/p>\n<p><img loading=\"lazy\" decoding=\"async\" class=\"aligncenter wp-image-1346 size-thumbnail\" src=\"http:\/\/ksi.ue.wroc.pl\/wp-content\/uploads\/2020\/02\/Pawel-150x150.jpg\" alt=\"\" width=\"150\" height=\"150\" \/><\/p>\n<p style=\"text-align: center;\">Bud. Z, pok. 710<br \/>\ntel. 71-3680-426<\/p>\n<\/td>\n<td>\n<h3 style=\"text-align: center;\"><\/h3>\n<\/td>\n<\/tr>\n<tr>\n<td>\n<h4 style=\"text-align: left;\"><span style=\"text-decoration: underline;\">Osoby wsp\u00f3\u0142pracuj\u0105ce:<\/span><\/h4>\n<ul style=\"list-style-type: square;\">\n<li style=\"text-align: left;\">\n<h4>dr Marlena Borowiak-Michalska<\/h4>\n<\/li>\n<li>\n<h4 style=\"text-align: left;\">dr in\u017c. Piotr Tutak<\/h4>\n<\/li>\n<li style=\"text-align: left;\">\n<h4>dr Krzysztof Pawlikowski<\/h4>\n<\/li>\n<li style=\"text-align: left;\">\n<h4>mgr in\u017c. Bartosz Blaicke<\/h4>\n<\/li>\n<li style=\"text-align: left;\">\n<h4>mgr in\u017c. Tomasz Skalniak<\/h4>\n<\/li>\n<li style=\"text-align: left;\">\n<h4>mgr Rafa\u0142 Wins\u0142aw<\/h4>\n<\/li>\n<\/ul>\n<\/td>\n<td>\n<h4 style=\"text-align: center;\"><\/h4>\n<\/td>\n<\/tr>\n<\/tbody>\n<\/table>\n","protected":false},"excerpt":{"rendered":"<p>Artur Rot Kierownik Katedry, Profesor Uczelni Bud. Z, pok. 708 tel. 71-3680-369 tel. 71-3680-379 (sekretariat) artur.rot@ue.wroc.pl www (Polski):\u00a0http:\/\/ksi.ue.wroc.pl\/index.php\/artur-rot\/ www (English):\u00a0http:\/\/ksi.ue.wroc.pl\/index.php\/artur-rot-eng\/ Bogdan Franczyk prof. dr hab. in\u017c. profesor zwyczajny Bud. Z, pok. 711 tel. 71-3680-496 bogdan.franczyk@ue.wroc.pl Renata Ga\u0142aszkiewicz mgr specjalista, sekretariat Katedry Bud. Z, pok. 714 tel. 71-3680-379 renata.galaszkiewicz@ue.wroc.pl Wies\u0142awa Gryncewicz dr adiunkt, kierownik projektu ActGo-Gate&hellip;<\/p>\n","protected":false},"author":1,"featured_media":0,"parent":0,"menu_order":0,"comment_status":"closed","ping_status":"closed","template":"","meta":{"footnotes":""},"_links":{"self":[{"href":"https:\/\/ksi.ue.wroc.pl\/index.php\/wp-json\/wp\/v2\/pages\/88"}],"collection":[{"href":"https:\/\/ksi.ue.wroc.pl\/index.php\/wp-json\/wp\/v2\/pages"}],"about":[{"href":"https:\/\/ksi.ue.wroc.pl\/index.php\/wp-json\/wp\/v2\/types\/page"}],"author":[{"embeddable":true,"href":"https:\/\/ksi.ue.wroc.pl\/index.php\/wp-json\/wp\/v2\/users\/1"}],"replies":[{"embeddable":true,"href":"https:\/\/ksi.ue.wroc.pl\/index.php\/wp-json\/wp\/v2\/comments?post=88"}],"version-history":[{"count":54,"href":"https:\/\/ksi.ue.wroc.pl\/index.php\/wp-json\/wp\/v2\/pages\/88\/revisions"}],"predecessor-version":[{"id":1506,"href":"https:\/\/ksi.ue.wroc.pl\/index.php\/wp-json\/wp\/v2\/pages\/88\/revisions\/1506"}],"wp:attachment":[{"href":"https:\/\/ksi.ue.wroc.pl\/index.php\/wp-json\/wp\/v2\/media?parent=88"}],"curies":[{"name":"wp","href":"https:\/\/api.w.org\/{rel}","templated":true}]}}