{"id":65,"date":"2016-09-08T16:45:45","date_gmt":"2016-09-08T14:45:45","guid":{"rendered":"http:\/\/ksi.ue.wroc.pl\/?page_id=65"},"modified":"2019-07-08T12:19:54","modified_gmt":"2019-07-08T10:19:54","slug":"wybrane-publikacje","status":"publish","type":"page","link":"https:\/\/ksi.ue.wroc.pl\/index.php\/wybrane-publikacje\/","title":{"rendered":"Wybrane publikacje"},"content":{"rendered":"<p><img loading=\"lazy\" decoding=\"async\" class=\"size-medium wp-image-67 alignleft\" src=\"http:\/\/ksi.ue.wroc.pl\/wp-content\/uploads\/2016\/09\/education-1-300x200.jpg\" alt=\"education\" width=\"300\" height=\"200\" srcset=\"https:\/\/ksi.ue.wroc.pl\/wp-content\/uploads\/2016\/09\/education-1-300x200.jpg 300w, https:\/\/ksi.ue.wroc.pl\/wp-content\/uploads\/2016\/09\/education-1-768x512.jpg 768w, https:\/\/ksi.ue.wroc.pl\/wp-content\/uploads\/2016\/09\/education-1-1024x683.jpg 1024w\" sizes=\"(max-width: 300px) 100vw, 300px\" \/><\/p>\n<p>Repozytorium publikacji naukowych Pracownik\u00f3w Katedry System\u00f3w Informacyjnych dost\u0119pne jest <a href=\"https:\/\/www.wir.ue.wroc.pl\/resultList.seam?aq=author%3AWUT288306%3BotherAuthor%3AWUT288306%2CrecordStatus%21%3D%27partial%27&amp;affil=&amp;r=publication&amp;t=simple&amp;lang=pl&amp;cid=2763\">tutaj<\/a><\/p>\n<hr \/>\n<p>Link do repozytorium:<\/p>\n<p><a href=\"https:\/\/www.wir.ue.wroc.pl\/resultList.seam?aq=author%3AWUT288306%3BotherAuthor%3AWUT288306%2CrecordStatus%21%3D%27partial%27&amp;affil=&amp;r=publication&amp;t=simple&amp;lang=pl&amp;cid=2763\">https:\/\/www.wir.ue.wroc.pl\/resultList.seam?aq=author%3AWUT288306%3BotherAuthor%3AWUT288306%2CrecordStatus%21%3D%27partial%27&amp;affil=&amp;r=publication&amp;t=simple&amp;lang=pl&amp;cid=2763<\/a><\/p>\n","protected":false},"excerpt":{"rendered":"<p>Repozytorium publikacji naukowych Pracownik\u00f3w Katedry System\u00f3w Informacyjnych dost\u0119pne jest tutaj Link do repozytorium: https:\/\/www.wir.ue.wroc.pl\/resultList.seam?aq=author%3AWUT288306%3BotherAuthor%3AWUT288306%2CrecordStatus%21%3D%27partial%27&amp;affil=&amp;r=publication&amp;t=simple&amp;lang=pl&amp;cid=2763<\/p>\n","protected":false},"author":1,"featured_media":0,"parent":0,"menu_order":0,"comment_status":"closed","ping_status":"closed","template":"","meta":{"footnotes":""},"_links":{"self":[{"href":"https:\/\/ksi.ue.wroc.pl\/index.php\/wp-json\/wp\/v2\/pages\/65"}],"collection":[{"href":"https:\/\/ksi.ue.wroc.pl\/index.php\/wp-json\/wp\/v2\/pages"}],"about":[{"href":"https:\/\/ksi.ue.wroc.pl\/index.php\/wp-json\/wp\/v2\/types\/page"}],"author":[{"embeddable":true,"href":"https:\/\/ksi.ue.wroc.pl\/index.php\/wp-json\/wp\/v2\/users\/1"}],"replies":[{"embeddable":true,"href":"https:\/\/ksi.ue.wroc.pl\/index.php\/wp-json\/wp\/v2\/comments?post=65"}],"version-history":[{"count":4,"href":"https:\/\/ksi.ue.wroc.pl\/index.php\/wp-json\/wp\/v2\/pages\/65\/revisions"}],"predecessor-version":[{"id":1232,"href":"https:\/\/ksi.ue.wroc.pl\/index.php\/wp-json\/wp\/v2\/pages\/65\/revisions\/1232"}],"wp:attachment":[{"href":"https:\/\/ksi.ue.wroc.pl\/index.php\/wp-json\/wp\/v2\/media?parent=65"}],"curies":[{"name":"wp","href":"https:\/\/api.w.org\/{rel}","templated":true}]}}