{"id":577,"date":"2016-10-14T01:14:56","date_gmt":"2016-10-13T23:14:56","guid":{"rendered":"http:\/\/ksi.ue.wroc.pl\/?page_id=577"},"modified":"2022-05-13T12:43:42","modified_gmt":"2022-05-13T10:43:42","slug":"artur-rot-eng","status":"publish","type":"page","link":"https:\/\/ksi.ue.wroc.pl\/index.php\/artur-rot-eng\/","title":{"rendered":"Artur Rot, Ph.D., Prof. UEW"},"content":{"rendered":"<p><img loading=\"lazy\" decoding=\"async\" class=\"alignnone wp-image-1502 size-medium\" src=\"http:\/\/ksi.ue.wroc.pl\/wp-content\/uploads\/2022\/05\/DSC06948-300x300.jpg\" alt=\"\" width=\"300\" height=\"300\" srcset=\"https:\/\/ksi.ue.wroc.pl\/wp-content\/uploads\/2022\/05\/DSC06948-300x300.jpg 300w, https:\/\/ksi.ue.wroc.pl\/wp-content\/uploads\/2022\/05\/DSC06948-1024x1024.jpg 1024w, https:\/\/ksi.ue.wroc.pl\/wp-content\/uploads\/2022\/05\/DSC06948-150x150.jpg 150w, https:\/\/ksi.ue.wroc.pl\/wp-content\/uploads\/2022\/05\/DSC06948-768x768.jpg 768w, https:\/\/ksi.ue.wroc.pl\/wp-content\/uploads\/2022\/05\/DSC06948-1536x1536.jpg 1536w, https:\/\/ksi.ue.wroc.pl\/wp-content\/uploads\/2022\/05\/DSC06948.jpg 2048w\" sizes=\"(max-width: 300px) 100vw, 300px\" \/><strong><a href=\"http:\/\/ksi.ue.wroc.pl\/index.php\/artur-rot\/\"><img loading=\"lazy\" decoding=\"async\" class=\"alignnone size-full wp-image-569\" src=\"http:\/\/ksi.ue.wroc.pl\/wp-content\/uploads\/2016\/10\/pl_pl.gif\" alt=\"pl_pl\" width=\"18\" height=\"12\" \/><\/a>\u00a0<a href=\"http:\/\/ksi.ue.wroc.pl\/index.php\/artur-rot-eng\/\"><img loading=\"lazy\" decoding=\"async\" class=\"alignnone size-full wp-image-570\" src=\"http:\/\/ksi.ue.wroc.pl\/wp-content\/uploads\/2016\/10\/en.gif\" alt=\"en\" width=\"18\" height=\"12\" \/><\/a><\/strong><\/p>\n<p><strong>Artur Rot, Ph.D., Prof. UEW<\/strong><strong><a href=\"http:\/\/ksi.ue.wroc.pl\/index.php\/artur-rot\"><br \/>\n<\/a><\/strong>Head of Department\u00a0of Information Systems<\/p>\n<p><strong>Performed functions:<\/strong><\/p>\n<ul style=\"list-style-type: square;\">\n<li>Head of Department\u00a0of Information Systems<\/li>\n<li>Member of Wroclaw University of Economics\u00a0Senate<\/li>\n<li>Member of the Senate Commission for Cooperation with Business<\/li>\n<li>Rector&#8217;s Attorney in WASK Network Users Board (2016- )<\/li>\n<li>Rector&#8217;s Attorney in the Council of Science and Technology Cluster &#8222;Lower Silesian Cluster of Cybersecurity&#8221; (2019- )<\/li>\n<li>Rector&#8217;s Attorney for Wroclaw\u00a0University of Economics IT Center (2011-2012) (<a href=\"http:\/\/ksi.ue.wroc.pl\/wp-content\/uploads\/2016\/10\/portal_08.pdf\">Interview in University journal &#8211; in Polish<\/a>)<\/li>\n<li>Rector&#8217;s Attorney for Academic Year Inauguration\u00a0(2006-2013)<\/li>\n<li>Rector&#8217;s Attorney for Wroclaw University of Economics Celebration Day\u00a0(2006-2013)<\/li>\n<li>Member of WUE Research Papers Editorial Board (2013- )<\/li>\n<li>Member of Management Board of Scientific Association for Business Informatics (NTIE) (2006-2014)<\/li>\n<li>Member of the\u00a0Committee of the Scientific Association for Business Informatics (NTIE) Diploma Contest (2017- )<\/li>\n<li>Projects: <a href=\"http:\/\/actgo-gate.ue.wroc.pl\/\">ActGo-Gate<\/a> (European Program AAL), Independent Living (with University in St. Gallen, Switzerland), LOGICAL, HeartBIT 4.0 (Horizon 2020), InnoLab, <a href=\"http:\/\/ksi.ue.wroc.pl\/index.php\/projekt-technologiczna-fabryka-uczaca-dla-przemyslu-przyszlosci\/\">Technologiczna Fabryka Ucz\u0105ca dla Przemys\u0142u Przysz\u0142o\u015bci<\/a> (Project Manager)<\/li>\n<li>Member of IAENG (International Association of Engineers, USA) (2007-)<\/li>\n<li>Member of INSTICC (Institute for Systems and Technologies of Information, Control and Communication, Portugal) (2012-)<\/li>\n<li>Member of International Institute of Informatics and Systemics (IIIS, USA) (2005-)<\/li>\n<li>Programm Committee Member of following international conferences: <a href=\"http:\/\/www.iceis.org\/ProgramCommittee.aspx?y=2014\">ICEIS<\/a>, <a href=\"http:\/\/www.enase.org\/ProgramCommittee.aspx?y=2013\">ENASE<\/a>, <a href=\"http:\/\/archive.kie.ue.poznan.pl\/16th_bis\/phd2013.php\">BIS<\/a>, <a href=\"https:\/\/fedcsis.org\/\">FedCSIS<\/a>, <a href=\"https:\/\/www.fedcsis.org\/2017\/aitm\/committee\">AITM<\/a>, <a href=\"https:\/\/fedcsis.org\/2016\/eais\/committee\">EAIS<\/a>, <a href=\"https:\/\/fedcsis.org\/2017\/insert\/committee\">INSERT<\/a>, <a href=\"http:\/\/iceis.org\/ProgramCommittee.aspx\">ICEIS 2017<\/a>, <a href=\"http:\/\/iceis.org\/ProgramCommittee.aspx\">ICEIS<\/a>, WMSCI, IMETI, IMCIC, ICTA, <a href=\"http:\/\/www.ftnct.com\/FTNCT-2020\/tpc.php\">FTNCT 2020<\/a> i innych<\/li>\n<li>Organization Chair of the conferences: <a href=\"http:\/\/www.enase.org\/CallForPapers.aspx?y=2012\">ENASE 2012<\/a>, <a href=\"http:\/\/www.iceis.org\/CallForPapers.aspx?y=2012\">ICEIS 2012<\/a>\u00a0(<a href=\"https:\/\/issuu.com\/portal_uniwersytet_ekonomiczny\/docs\/portal_13_2012\/38\">article in university journal &#8211; in Polish<\/a>)<\/li>\n<li>Member of Competence Center IT in Service Economy (<a href=\"http:\/\/itse.ue.wroc.pl\">CC ITSE<\/a>)<\/li>\n<li>Reviewer of the articles in journals:\u00a0<em>Management and Finance<\/em> (Gdansk University),\u00a0<em>Studia Oeconomica Posnaniensia <\/em>(Poznan University of Economics and Business)<\/li>\n<li>Research Projects:<\/li>\n<li>Lecturer at MBA studies and Postgraduate studies.<\/li>\n<\/ul>\n<p><strong>Internships\/Visiting scholarships:<\/strong><\/p>\n<ul style=\"list-style-type: square;\">\n<li>State University of New York, Albany, NY, USA &#8211;\u00a0<a href=\"http:\/\/www.albany.edu\/\">http:\/\/www.albany.edu\/<\/a><\/li>\n<li>Center for Technology in Goverment at State University of NY, NY, USA &#8211;\u00a0<a href=\"http:\/\/ctg.albany.edu\/\">http:\/\/ctg.albany.edu\/<\/a><\/li>\n<li>Northwestern University, Evanston, IL, USA &#8211;\u00a0<a href=\"https:\/\/www.northeastern.edu\/\">https:\/\/www.northeastern.edu\/<\/a><\/li>\n<li>Uniwersity of St. Gallen, Schwitzerland &#8211;\u00a0<a href=\"https:\/\/www.unisg.ch\/en\">https:\/\/www.unisg.ch\/en<\/a><\/li>\n<li>University of Leuven, Belgium &#8211;\u00a0<a href=\"http:\/\/www.kuleuven.be\/english\">http:\/\/www.kuleuven.be\/english<\/a><\/li>\n<li>Technical University of Lisbon, Portugal &#8211;\u00a0<a href=\"https:\/\/www.it.pt\/\">https:\/\/www.it.pt\/<\/a><\/li>\n<li>Polytechnic Institute of Set\u00fabal, Portugal &#8211;\u00a0<a href=\"http:\/\/www.ips.pt\/\">http:\/\/www.ips.pt\/<\/a><\/li>\n<\/ul>\n<p><strong>Research area:<\/strong><\/p>\n<ul style=\"list-style-type: square;\">\n<li>IS security,<\/li>\n<li>IT risk management,<\/li>\n<li>cloud computing,<\/li>\n<li>grid computing,<\/li>\n<li>application of information systems in organisations.<\/li>\n<\/ul>\n<ul style=\"list-style-type: square;\">\n<li>Author of over 90 publications. His research interests are grounded in the realities of the IT industry. His areas of past and current interest cover: information systems security management, IT risk management, IT Governance, Business Intelligence, Web Services security.<\/li>\n<\/ul>\n<p><strong>Member of programm\u00a0committees\u00a0of international conferences:<\/strong><\/p>\n<ul style=\"list-style-type: square;\">\n<li>ENASE 2013 (International Conference on Evaluation of Novel Approaches to Software Engineering)<\/li>\n<li>ICEIS 2013\u00a0(International Conference on Enterprise Information Systems)<\/li>\n<li>Emerging Aspects in Information Security (EAIS&#8217;14-16)<\/li>\n<li>PhD Symposium co-located with 16th International Conference on Business Information Systems (BIS 2013)<\/li>\n<li>Conference on Advanced Information Technologies for Management (AITM)<\/li>\n<\/ul>\n<p><strong>Other achievements and awards:<\/strong><\/p>\n<ul style=\"list-style-type: square;\">\n<li>23 Wroclaw University of Economics Rector\u2019s Awards for research, teaching and organizational achievements<\/li>\n<li>65-year Anniversary Medal of Wroclaw University of Economics<\/li>\n<li>Recognition Diploma for managing team responsible for starting up university laboratories based on virtualization techniques (Veganet)<\/li>\n<\/ul>\n<p><strong>Teaching:<\/strong><\/p>\n<ul>\n<li>Computer Science,<\/li>\n<li>Computer Networks and Security,<\/li>\n<li>Information Technology,<\/li>\n<li>Information and Communication Technologies<\/li>\n<li>Fundamentals of Information Systems,<\/li>\n<li>Management Information Systems,<\/li>\n<li>Seminars &#8211; Supervisor of Master Thesis,<\/li>\n<li>Supervisor of Cyber Security Management Postgraduate Studies Thesis.<\/li>\n<li>MBA:\u00a0Transformations and digital innovations.<\/li>\n<\/ul>\n<p><strong>Contact Information:<br \/>\n<\/strong><a href=\"mailto:artur.rot@ue.wroc.pl\">artur.rot@ue.wroc.pl<br \/>\n<\/a><a href=\"http:\/\/ksi.ue.wroc.pl\/index.php\/artur-rot-eng\/\">http:\/\/ksi.ue.wroc.pl\/index.php\/artur-rot-eng\/<br \/>\n<\/a><\/p>\n<table style=\"height: 20px; width: 539.32px; border-color: #ffffff;\" border=\"0\">\n<tbody>\n<tr style=\"height: 28px; border-color: #ffffff;\">\n<td style=\"height: 28px; width: 92px; border-color: #ffffff;\"><img loading=\"lazy\" decoding=\"async\" class=\"wp-image-682 alignleft\" src=\"http:\/\/ksi.ue.wroc.pl\/wp-content\/uploads\/2016\/10\/211160-4610427149.gif\" alt=\"211160-4610427149\" width=\"81\" height=\"29\" \/><\/td>\n<td style=\"height: 28px; width: 420.32px; border-color: #ffffff; text-align: left;\"><a href=\"http:\/\/www.linkedin.com\/in\/artur-rot\"><span class=\"domain\">www.linkedin.com\/in\/<\/span><span class=\"vanity-name\">artur-rot<\/span><\/a><\/td>\n<\/tr>\n<tr style=\"height: 15px;\">\n<td style=\"height: 15px; width: 92px; border-color: #ffffff;\"><img loading=\"lazy\" decoding=\"async\" class=\"alignnone wp-image-854 alignleft\" src=\"http:\/\/ksi.ue.wroc.pl\/wp-content\/uploads\/2016\/10\/apple-touch-icon-180x180.png\" sizes=\"(max-width: 28px) 100vw, 28px\" srcset=\"http:\/\/ksi.ue.wroc.pl\/wp-content\/uploads\/2016\/10\/apple-touch-icon-180x180.png 180w, http:\/\/ksi.ue.wroc.pl\/wp-content\/uploads\/2016\/10\/apple-touch-icon-180x180-150x150.png 150w\" alt=\"\" width=\"21\" height=\"22\" \/><\/td>\n<td style=\"height: 15px; width: 420.32px; border-color: #ffffff; text-align: left;\"><a href=\"http:\/\/www.researchgate.net\/profile\/Artur_Rot\">www.researchgate.net\/profile\/Artur_Rot<\/a><\/td>\n<\/tr>\n<tr style=\"height: 8px;\">\n<td style=\"height: 8px; width: 92px; border-color: #ffffff;\"><img loading=\"lazy\" decoding=\"async\" class=\"wp-image-856 alignleft\" src=\"http:\/\/ksi.ue.wroc.pl\/wp-content\/uploads\/2016\/10\/apple-touch-icon-144x144.png\" alt=\"\" width=\"22\" height=\"22\" \/><\/td>\n<td style=\"height: 8px; width: 420.32px; border-color: #ffffff; text-align: left;\"><a href=\"https:\/\/ue-wroc.academia.edu\/ArturRot\">ue-wroc.academia.edu\/ArturRot<\/a><\/td>\n<\/tr>\n<\/tbody>\n<\/table>\n<p>Department of Information Systems<br \/>\nWroclaw University of Economics<br \/>\nKomandorska 118\/120<br \/>\n53-345 Wroclaw, Poland<br \/>\nroom no. 16, bldg. J<br \/>\n+48\u00a071\u00a03680\u00a0379 (secretariat)<br \/>\n+48 71 3680 369<\/p>\n","protected":false},"excerpt":{"rendered":"<p>\u00a0 Artur Rot, Ph.D., Prof. UEW Head of Department\u00a0of Information Systems Performed functions: Head of Department\u00a0of Information Systems Member of Wroclaw University of Economics\u00a0Senate Member of the Senate Commission for Cooperation with Business Rector&#8217;s Attorney in WASK Network Users Board (2016- ) Rector&#8217;s Attorney in the Council of Science and Technology Cluster &#8222;Lower Silesian Cluster&hellip;<\/p>\n","protected":false},"author":1,"featured_media":0,"parent":0,"menu_order":0,"comment_status":"closed","ping_status":"closed","template":"","meta":{"footnotes":""},"_links":{"self":[{"href":"https:\/\/ksi.ue.wroc.pl\/index.php\/wp-json\/wp\/v2\/pages\/577"}],"collection":[{"href":"https:\/\/ksi.ue.wroc.pl\/index.php\/wp-json\/wp\/v2\/pages"}],"about":[{"href":"https:\/\/ksi.ue.wroc.pl\/index.php\/wp-json\/wp\/v2\/types\/page"}],"author":[{"embeddable":true,"href":"https:\/\/ksi.ue.wroc.pl\/index.php\/wp-json\/wp\/v2\/users\/1"}],"replies":[{"embeddable":true,"href":"https:\/\/ksi.ue.wroc.pl\/index.php\/wp-json\/wp\/v2\/comments?post=577"}],"version-history":[{"count":62,"href":"https:\/\/ksi.ue.wroc.pl\/index.php\/wp-json\/wp\/v2\/pages\/577\/revisions"}],"predecessor-version":[{"id":1504,"href":"https:\/\/ksi.ue.wroc.pl\/index.php\/wp-json\/wp\/v2\/pages\/577\/revisions\/1504"}],"wp:attachment":[{"href":"https:\/\/ksi.ue.wroc.pl\/index.php\/wp-json\/wp\/v2\/media?parent=577"}],"curies":[{"name":"wp","href":"https:\/\/api.w.org\/{rel}","templated":true}]}}