{"id":57,"date":"2016-09-08T16:42:10","date_gmt":"2016-09-08T14:42:10","guid":{"rendered":"http:\/\/ksi.ue.wroc.pl\/?page_id=57"},"modified":"2020-12-03T16:43:11","modified_gmt":"2020-12-03T15:43:11","slug":"summer-school","status":"publish","type":"page","link":"https:\/\/ksi.ue.wroc.pl\/index.php\/summer-school\/","title":{"rendered":"Summer School"},"content":{"rendered":"<div id=\"middlecol\" class=\"span8\">\n<div class=\"inside\">\n<div class=\"item-page\">\n<p><img loading=\"lazy\" decoding=\"async\" class=\"size-full wp-image-58 alignleft\" src=\"http:\/\/ksi.ue.wroc.pl\/wp-content\/uploads\/2016\/09\/summer.png\" alt=\"summer\" width=\"238\" height=\"259\" \/><br \/>\nW ramach porozumienia dotycz\u0105cego mi\u0119dzynarodowej wymiany student\u00f3w, Katedra wsp\u00f3\u0142pracuje z wieloma Uczelniami zagranicznymi w ramach programu <strong>IS: link<\/strong>. <a href=\"http:\/\/www.is-link.org\/\" target=\"_blank\" rel=\"noopener noreferrer\">IS:link<\/a> &#8211; the <strong>International Exchange Network for students in Information Systems<\/strong> &#8211; <strong>IS:link<\/strong><\/p>\n<p>Z pomoc\u0105 i w ramach IS:link, Katedra System\u00f3w Informacyjnych organizuje od 2012 roku coroczn\u0105 Summer School w tematyce informatyki w biznesie. Szczeg\u00f3\u0142y dotycz\u0105ce szko\u0142y letniej, organizowanej przez Katedr\u0119 mo\u017cna znale\u017a\u0107 na profilu fb <a href=\"https:\/\/www.facebook.com\/itsummerwroclaw\/\">https:\/\/www.facebook.com\/itsummerwroclaw\/<\/a><\/p>\n<p><center><img loading=\"lazy\" decoding=\"async\" class=\"alignnone  wp-image-605\" src=\"http:\/\/ksi.ue.wroc.pl\/wp-content\/uploads\/2016\/09\/summer-300x149.jpg\" alt=\"\" width=\"514\" height=\"255\" srcset=\"https:\/\/ksi.ue.wroc.pl\/wp-content\/uploads\/2016\/09\/summer-300x149.jpg 300w, https:\/\/ksi.ue.wroc.pl\/wp-content\/uploads\/2016\/09\/summer-768x382.jpg 768w, https:\/\/ksi.ue.wroc.pl\/wp-content\/uploads\/2016\/09\/summer-1024x509.jpg 1024w, https:\/\/ksi.ue.wroc.pl\/wp-content\/uploads\/2016\/09\/summer.jpg 1491w\" sizes=\"(max-width: 514px) 100vw, 514px\" \/><\/center><\/div>\n<\/div>\n<\/div>\n","protected":false},"excerpt":{"rendered":"<p>W ramach porozumienia dotycz\u0105cego mi\u0119dzynarodowej wymiany student\u00f3w, Katedra wsp\u00f3\u0142pracuje z wieloma Uczelniami zagranicznymi w ramach programu IS: link. IS:link &#8211; the International Exchange Network for students in Information Systems &#8211; IS:link Z pomoc\u0105 i w ramach IS:link, Katedra System\u00f3w Informacyjnych organizuje od 2012 roku coroczn\u0105 Summer School w tematyce informatyki w biznesie. Szczeg\u00f3\u0142y dotycz\u0105ce szko\u0142y&hellip;<\/p>\n","protected":false},"author":1,"featured_media":0,"parent":0,"menu_order":0,"comment_status":"closed","ping_status":"closed","template":"","meta":{"footnotes":""},"_links":{"self":[{"href":"https:\/\/ksi.ue.wroc.pl\/index.php\/wp-json\/wp\/v2\/pages\/57"}],"collection":[{"href":"https:\/\/ksi.ue.wroc.pl\/index.php\/wp-json\/wp\/v2\/pages"}],"about":[{"href":"https:\/\/ksi.ue.wroc.pl\/index.php\/wp-json\/wp\/v2\/types\/page"}],"author":[{"embeddable":true,"href":"https:\/\/ksi.ue.wroc.pl\/index.php\/wp-json\/wp\/v2\/users\/1"}],"replies":[{"embeddable":true,"href":"https:\/\/ksi.ue.wroc.pl\/index.php\/wp-json\/wp\/v2\/comments?post=57"}],"version-history":[{"count":9,"href":"https:\/\/ksi.ue.wroc.pl\/index.php\/wp-json\/wp\/v2\/pages\/57\/revisions"}],"predecessor-version":[{"id":1441,"href":"https:\/\/ksi.ue.wroc.pl\/index.php\/wp-json\/wp\/v2\/pages\/57\/revisions\/1441"}],"wp:attachment":[{"href":"https:\/\/ksi.ue.wroc.pl\/index.php\/wp-json\/wp\/v2\/media?parent=57"}],"curies":[{"name":"wp","href":"https:\/\/api.w.org\/{rel}","templated":true}]}}