{"id":536,"date":"2016-10-09T21:20:14","date_gmt":"2016-10-09T19:20:14","guid":{"rendered":"http:\/\/ksi.ue.wroc.pl\/?page_id=536"},"modified":"2022-05-13T12:41:55","modified_gmt":"2022-05-13T10:41:55","slug":"artur-rot","status":"publish","type":"page","link":"https:\/\/ksi.ue.wroc.pl\/index.php\/artur-rot\/","title":{"rendered":"Artur Rot"},"content":{"rendered":"<p><img loading=\"lazy\" decoding=\"async\" class=\"alignnone wp-image-1502 size-medium\" src=\"http:\/\/ksi.ue.wroc.pl\/wp-content\/uploads\/2022\/05\/DSC06948-300x300.jpg\" alt=\"\" width=\"300\" height=\"300\" srcset=\"https:\/\/ksi.ue.wroc.pl\/wp-content\/uploads\/2022\/05\/DSC06948-300x300.jpg 300w, https:\/\/ksi.ue.wroc.pl\/wp-content\/uploads\/2022\/05\/DSC06948-1024x1024.jpg 1024w, https:\/\/ksi.ue.wroc.pl\/wp-content\/uploads\/2022\/05\/DSC06948-150x150.jpg 150w, https:\/\/ksi.ue.wroc.pl\/wp-content\/uploads\/2022\/05\/DSC06948-768x768.jpg 768w, https:\/\/ksi.ue.wroc.pl\/wp-content\/uploads\/2022\/05\/DSC06948-1536x1536.jpg 1536w, https:\/\/ksi.ue.wroc.pl\/wp-content\/uploads\/2022\/05\/DSC06948.jpg 2048w\" sizes=\"(max-width: 300px) 100vw, 300px\" \/><strong><a href=\"http:\/\/ksi.ue.wroc.pl\/index.php\/artur-rot\/\"><img loading=\"lazy\" decoding=\"async\" class=\"alignnone size-full wp-image-569\" src=\"http:\/\/ksi.ue.wroc.pl\/wp-content\/uploads\/2016\/10\/pl_pl.gif\" alt=\"pl_pl\" width=\"18\" height=\"12\" \/><\/a>\u00a0<a href=\"http:\/\/ksi.ue.wroc.pl\/index.php\/artur-rot-eng\/\"><img loading=\"lazy\" decoding=\"async\" class=\"alignnone size-full wp-image-570\" src=\"http:\/\/ksi.ue.wroc.pl\/wp-content\/uploads\/2016\/10\/en.gif\" alt=\"en\" width=\"18\" height=\"12\" \/><\/a><\/strong><\/p>\n<p><strong>Dr Artur Rot, Prof. UEW<\/strong><strong><a href=\"http:\/\/ksi.ue.wroc.pl\/index.php\/artur-rot\"><br \/>\n<\/a> <\/strong>Kierownik Katedry System\u00f3w Informacyjnych<\/p>\n<p><strong>Pe\u0142nione funkcje:<\/strong><\/p>\n<ul style=\"list-style-type: square;\">\n<li>Kierownik Katedry System\u00f3w Informacyjnych<\/li>\n<li>Kierownik projektu Level 4.0 | Digital Innovation Hub <a href=\"https:\/\/www.level4dih.pl\/\">https:\/\/www.level4dih.pl\/<\/a><\/li>\n<li>Cz\u0142onek Senatu Uniwersytetu Ekonomicznego we Wroc\u0142awiu (2016-2020; 2020- )<\/li>\n<li>Cz\u0142onek Senackiej Komisji do spraw Kadr Naukowych i Nauki (2020- )<\/li>\n<li>Cz\u0142onek Senackiej Komisji do spraw Wsp\u00f3\u0142pracy z Biznesem (2016-2020)<\/li>\n<li>Cz\u0142onek Rady Wydzia\u0142u Zarz\u0105dzania (2019-2020; 2020- )<\/li>\n<li>Cz\u0142onek Wydzia\u0142owej Komisji ds. Wsp\u00f3\u0142pracy Mi\u0119dzynarodowej (2019- ),<\/li>\n<li>Pe\u0142nomocnik JM Rektora w Radzie Klastra Naukowo-Technologicznego &#8222;Dolno\u015bl\u0105ski Klaster Cyberbezpiecze\u0144stwa&#8221; (2019- )<\/li>\n<li>Pe\u0142nomocnik JM Rektora w Radzie Dolno\u015bl\u0105skiego Centrum Przemys\u0142u 4.0 (2019 &#8211; )<\/li>\n<li>Pe\u0142nomocnik JM Rektora w Radzie U\u017cytkownik\u00f3w WASK (2016- )<\/li>\n<li>Pe\u0142nomocnik JM Rektora ds. Utworzenia Centrum Informatycznego Uniwersytetu Ekonomicznego we Wroc\u0142awiu (2011-2012) (<a href=\"http:\/\/ksi.ue.wroc.pl\/wp-content\/uploads\/2016\/10\/portal_08.pdf\">wywiad w czasopi\u015bmie Portal UE<\/a>)<\/li>\n<li>Pe\u0142nomocnik JM Rektora ds. Inauguracji Roku Akademickiego (2006-2013)<\/li>\n<li>Pe\u0142nomocnik JM Rektora ds. \u015awi\u0119ta Uniwersytetu Ekonomicznego we Wroc\u0142awiu (2006-2013)<\/li>\n<li>Cz\u0142onek komitetu redakcyjnego czasopisma &#8222;Business Informatics&#8221; (2020- ), <a href=\"http:\/\/businessinformatics.ue.wroc.pl\/?page_id=13\">http:\/\/businessinformatics.ue.wroc.pl<\/a><\/li>\n<li>Cz\u0142onek komitetu redakcyjnego Prac Naukowych UE we Wroc\u0142awiu (2013-2020)<\/li>\n<li>Cz\u0142onek zarz\u0105du Naukowego Towarzystwa Informatyki Ekonomicznej (NTIE) (2006-2014)<\/li>\n<li>Cz\u0142onek Komisji Konkursu Prac Dyplomowych NTIE (2017-2019)<\/li>\n<li>Realizacja projekt\u00f3w: <a href=\"http:\/\/actgo-gate.ue.wroc.pl\/\">ActGo-Gate<\/a> (Europejski Program AAL), Independent Living (Umowa z Uniwersytetem w St. Gallen, Szwajcaria), LOGICAL, HeartBIT 4.0 (Horyzont 2020), InnoLab, Level 4.0 | Digital Innovation Hub: <a href=\"http:\/\/ksi.ue.wroc.pl\/index.php\/projekt-technologiczna-fabryka-uczaca-dla-przemyslu-przyszlosci\/\">Technologiczna Fabryka Ucz\u0105ca dla Przemys\u0142u Przysz\u0142o\u015bci<\/a> (kierownik projektu)<\/li>\n<li>Cz\u0142onek stowarzyszenia IAENG (International Association of Engineers, USA) (2007-)<\/li>\n<li>Cz\u0142onek Institute for Systems and Technologies of Information, Control and Communication, Portugal) (2012-)<\/li>\n<li>Cz\u0142onek International Institute of Informatics and Systemics (IIIS, USA) (2005-)<\/li>\n<li>Cz\u0142onek komitet\u00f3w programowych mi\u0119dzynarodowych konferencji: <a href=\"https:\/\/iccci.pwr.edu.pl\/2020\/\">ICCCI<\/a>, <a href=\"http:\/\/www.iceis.org\/ProgramCommittee.aspx?y=2014\">ICEIS<\/a>, <a href=\"http:\/\/www.enase.org\/ProgramCommittee.aspx?y=2013\">ENASE<\/a>, <a href=\"http:\/\/archive.kie.ue.poznan.pl\/16th_bis\/phd2013.php\">BIS<\/a>, <a href=\"https:\/\/fedcsis.org\/\">FedCSIS<\/a>, <a href=\"https:\/\/www.fedcsis.org\/2017\/aitm\/committee\">AITM<\/a>, <a href=\"https:\/\/fedcsis.org\/2016\/eais\/committee\">EAIS<\/a>, <a href=\"https:\/\/fedcsis.org\/2017\/insert\/committee\">INSERT<\/a>, <a href=\"http:\/\/iceis.org\/ProgramCommittee.aspx\">ICEIS 2017<\/a>, <a href=\"http:\/\/iceis.org\/ProgramCommittee.aspx\">ICEIS<\/a>, ACIT, WMSCI, IMETI, IMCIC, ICTA, <a href=\"http:\/\/www.ftnct.com\/FTNCT-2020\/tpc.php\">FTNCT 2020<\/a> i innych<\/li>\n<li>Przewodnicz\u0105cy komitetu organizacyjnego mi\u0119dzynarodowych konferencji:\u00a0<a href=\"http:\/\/www.enase.org\/CallForPapers.aspx?y=2012\">ENASE 2012<\/a>, <a href=\"http:\/\/www.iceis.org\/CallForPapers.aspx?y=2012\">ICEIS 2012<\/a>\u00a0(<a href=\"https:\/\/issuu.com\/portal_uniwersytet_ekonomiczny\/docs\/portal_13_2012\/38\">wi\u0119cej\u00a0&#8211; artyku\u0142 w czasopi\u015bmie Portal UE<\/a>)<\/li>\n<li>Cz\u0142onek Centrum Kompetencyjnego IT in Service Economy <a href=\"http:\/\/itse.ue.wroc.pl\">CC ITSE<\/a><\/li>\n<li>Recenzent artyku\u0142\u00f3w m.in. w Kwartalniku <a href=\"http:\/\/wzr.pl\/nauka\/index.php?str=550\"><em>Zarz\u0105dzanie i Finanse<\/em><\/a> Uniwersytetu Gda\u0144skiego, miesi\u0119cznika <em>Studia Oeconomica Posnaniensia<\/em><\/li>\n<li>Wyk\u0142adowca na studiach MBA i studiach podyplomowych<\/li>\n<\/ul>\n<p><strong>Sta\u017ce\/wizyty studyjne:<\/strong><\/p>\n<ul style=\"list-style-type: square;\">\n<li>State University of New York, Albany, NY, USA &#8211;\u00a0<a href=\"http:\/\/www.albany.edu\/\">http:\/\/www.albany.edu\/<\/a><\/li>\n<li>Center for Technology in Goverment at State University of NY, NY, USA &#8211;\u00a0<a href=\"http:\/\/ctg.albany.edu\/\">http:\/\/ctg.albany.edu\/<\/a><\/li>\n<li>Northwestern University, Evanston, IL, USA &#8211;\u00a0<a href=\"https:\/\/www.northeastern.edu\/\">https:\/\/www.northeastern.edu\/<\/a><\/li>\n<li>Uniwersity of St. Gallen, Szwajcaria &#8211;\u00a0<a href=\"https:\/\/www.unisg.ch\/en\">https:\/\/www.unisg.ch\/en<\/a><\/li>\n<li>University of Leuven, Belgia &#8211;\u00a0<a href=\"http:\/\/www.kuleuven.be\/english\">http:\/\/www.kuleuven.be\/english<\/a><\/li>\n<li>Technical University of Lisbon, Portugalia &#8211;\u00a0<a href=\"https:\/\/www.it.pt\/\">https:\/\/www.it.pt\/<\/a><\/li>\n<li>Polytechnic Institute of Set\u00fabal, Portugalia &#8211;\u00a0<a href=\"http:\/\/www.ips.pt\/\">http:\/\/www.ips.pt\/<\/a><\/li>\n<\/ul>\n<p><strong>G\u0142\u00f3wne obszary zainteresowa\u0144 naukowych:<\/strong><\/p>\n<ul style=\"list-style-type: square;\">\n<li>bezpiecze\u0144stwo system\u00f3w informatycznych,<\/li>\n<li>Industry 4.0<\/li>\n<li>technologia blockchain,<\/li>\n<li>zarz\u0105dzanie ryzykiem IT,<\/li>\n<li>cloud computing,<\/li>\n<li>sztuczna inteligencja\/uczenie maszynowe,<\/li>\n<li>zastosowanie system\u00f3w informatycznych w organizacjach.<\/li>\n<\/ul>\n<ul style=\"list-style-type: square;\">\n<li>Autor ponad 120 publikacji z zakresu bezpiecze\u0144stwa system\u00f3w informatycznych, ryzyka IT, cloud computingu, zastosowa\u0144 nowoczesnych technologii informacyjnych w organizacjach gospodarczych, sztucznej inteligencji\/uczenia maszynowego.<\/li>\n<\/ul>\n<p><strong>Cz\u0142onek komitet\u00f3w programowych mi\u0119dzynarodowych konferencji:<\/strong><\/p>\n<ul style=\"list-style-type: square;\">\n<li>ENASE 2013 (International Conference on Evaluation of Novel Approaches to Software Engineering)<\/li>\n<li>ICEIS 2013\u00a0(International Conference on Enterprise Information Systems)<\/li>\n<li>Emerging Aspects in Information Security (EAIS&#8217;14-16)<\/li>\n<li>PhD Symposium co-located with 16th International Conference on Business Information Systems (BIS 2013)<\/li>\n<li>Conference on Advanced Information Technologies for Management (AITM)<\/li>\n<li>International Conference on Computational Collective Intelligence (ICCCI)<\/li>\n<li>International Conference on Advanced Information and Communication Technologies (ACIT)<\/li>\n<\/ul>\n<p><strong>Inne osi\u0105gni\u0119cia i wyr\u00f3\u017cnienia:<\/strong><\/p>\n<ul style=\"list-style-type: square;\">\n<li>Wyr\u00f3\u017cniony 25 nagrodami JM Rektora UE we Wroc\u0142awiu za dzia\u0142alno\u015b\u0107 naukow\u0105, dydaktyczn\u0105 i organizacyjn\u0105<\/li>\n<li>Wyr\u00f3\u017cnienie za osi\u0105gni\u0119cia na polu pracy naukowej, dydaktycznej i organizacyjnej Medalem 65-lecia Uczelni, przyznanym przez Kierownictwo Uczelni podczas \u015awi\u0119ta UE we Wroc\u0142awiu w 2012 roku<\/li>\n<\/ul>\n<p><strong>Prowadzone wyk\u0142ady, \u0107wiczenia i szkolenia:<\/strong><\/p>\n<ul>\n<li>Bezpiecze\u0144stwo system\u00f3w informatycznych,<\/li>\n<li>Sieci komputerowe i bezpiecze\u0144stwo,<\/li>\n<li>Technologie informacyjne,<\/li>\n<li>Informatyka w zarz\u0105dzaniu,<\/li>\n<li>Systemy informacyjne w zarz\u0105dzaniu,<\/li>\n<li>Computer Science<\/li>\n<li>Computer Networks and Security,<\/li>\n<li>Information and Communication Technologies<\/li>\n<li>Fundamentals of Information Systems,<\/li>\n<li>Management Information Systems,<\/li>\n<li>System Analysis &amp; Design,<\/li>\n<li>Seminaria &#8211; promotor prac magisterskich,<\/li>\n<li>Promotor prac dyplomowych w ramach studi\u00f3w podyplomowych Cyber Security Management,<\/li>\n<li>Wyk\u0142adowca na studiach MBA &#8211; Transformacje i innowacje cyfrowe.<\/li>\n<\/ul>\n<p><strong>Kontakt<\/strong><\/p>\n<p><a href=\"mailto:artur.rot@ue.wroc.pl\">artur.rot@ue.wroc.pl<br \/>\n<\/a><a href=\"http:\/\/ksi.ue.wroc.pl\/index.php\/artur-rot\/\">http:\/\/ksi.ue.wroc.pl\/index.php\/artur-rot\/<\/a><br \/>\n<img loading=\"lazy\" decoding=\"async\" class=\"alignnone wp-image-682\" src=\"http:\/\/ksi.ue.wroc.pl\/wp-content\/uploads\/2016\/10\/211160-4610427149.gif\" alt=\"211160-4610427149\" width=\"71\" height=\"25\" \/><a href=\"http:\/\/www.linkedin.com\/in\/artur-rot\"><span class=\"domain\">www.linkedin.com\/in\/<\/span><span class=\"vanity-name\">artur-rot<br \/>\n<\/span><\/a><img loading=\"lazy\" decoding=\"async\" class=\"alignnone wp-image-854\" src=\"http:\/\/ksi.ue.wroc.pl\/wp-content\/uploads\/2016\/10\/apple-touch-icon-180x180.png\" alt=\"\" width=\"28\" height=\"28\" srcset=\"https:\/\/ksi.ue.wroc.pl\/wp-content\/uploads\/2016\/10\/apple-touch-icon-180x180.png 180w, https:\/\/ksi.ue.wroc.pl\/wp-content\/uploads\/2016\/10\/apple-touch-icon-180x180-150x150.png 150w\" sizes=\"(max-width: 28px) 100vw, 28px\" \/>\u00a0 \u00a0 \u00a0 \u00a0 \u00a0 \u00a0<a href=\"http:\/\/www.researchgate.net\/profile\/Artur_Rot\">www.researchgate.net\/profile\/Artur_Rot<br \/>\n<img loading=\"lazy\" decoding=\"async\" class=\"wp-image-856 alignleft\" src=\"http:\/\/ksi.ue.wroc.pl\/wp-content\/uploads\/2016\/10\/apple-touch-icon-144x144.png\" alt=\"\" width=\"30\" height=\"30\" \/><\/a>\u00a0 \u00a0\u00a0<a href=\"https:\/\/ue-wroc.academia.edu\/ArturRot\">ue-wroc.academia.edu\/ArturRot<\/a><\/p>\n<p>Katedra System\u00f3w Informacyjnych<br \/>\nUniwersytet Ekonomiczny we Wroc\u0142awiu<br \/>\nul. Komandorska 118\/120<br \/>\n53-345 Wroc\u0142aw, Polska<br \/>\np. 708, bud. Z<br \/>\n+48 71 3680 379 (sekretariat, p. 714 bud. Z)<br \/>\n+48 71 3680 369<\/p>\n","protected":false},"excerpt":{"rendered":"<p>\u00a0 Dr Artur Rot, Prof. UEW Kierownik Katedry System\u00f3w Informacyjnych Pe\u0142nione funkcje: Kierownik Katedry System\u00f3w Informacyjnych Kierownik projektu Level 4.0 | Digital Innovation Hub https:\/\/www.level4dih.pl\/ Cz\u0142onek Senatu Uniwersytetu Ekonomicznego we Wroc\u0142awiu (2016-2020; 2020- ) Cz\u0142onek Senackiej Komisji do spraw Kadr Naukowych i Nauki (2020- ) Cz\u0142onek Senackiej Komisji do spraw Wsp\u00f3\u0142pracy z Biznesem (2016-2020) Cz\u0142onek&hellip;<\/p>\n","protected":false},"author":1,"featured_media":0,"parent":0,"menu_order":0,"comment_status":"closed","ping_status":"closed","template":"","meta":{"footnotes":""},"_links":{"self":[{"href":"https:\/\/ksi.ue.wroc.pl\/index.php\/wp-json\/wp\/v2\/pages\/536"}],"collection":[{"href":"https:\/\/ksi.ue.wroc.pl\/index.php\/wp-json\/wp\/v2\/pages"}],"about":[{"href":"https:\/\/ksi.ue.wroc.pl\/index.php\/wp-json\/wp\/v2\/types\/page"}],"author":[{"embeddable":true,"href":"https:\/\/ksi.ue.wroc.pl\/index.php\/wp-json\/wp\/v2\/users\/1"}],"replies":[{"embeddable":true,"href":"https:\/\/ksi.ue.wroc.pl\/index.php\/wp-json\/wp\/v2\/comments?post=536"}],"version-history":[{"count":80,"href":"https:\/\/ksi.ue.wroc.pl\/index.php\/wp-json\/wp\/v2\/pages\/536\/revisions"}],"predecessor-version":[{"id":1503,"href":"https:\/\/ksi.ue.wroc.pl\/index.php\/wp-json\/wp\/v2\/pages\/536\/revisions\/1503"}],"wp:attachment":[{"href":"https:\/\/ksi.ue.wroc.pl\/index.php\/wp-json\/wp\/v2\/media?parent=536"}],"curies":[{"name":"wp","href":"https:\/\/api.w.org\/{rel}","templated":true}]}}