{"id":428,"date":"2016-10-01T14:28:35","date_gmt":"2016-10-01T12:28:35","guid":{"rendered":"http:\/\/ksi.ue.wroc.pl\/?page_id=428"},"modified":"2016-10-01T14:37:35","modified_gmt":"2016-10-01T12:37:35","slug":"profesorowie-wizytujacy","status":"publish","type":"page","link":"https:\/\/ksi.ue.wroc.pl\/index.php\/profesorowie-wizytujacy\/","title":{"rendered":"Profesorowie wizytuj\u0105cy"},"content":{"rendered":"<p><img loading=\"lazy\" decoding=\"async\" class=\"wp-image-385 alignleft\" src=\"http:\/\/ksi.ue.wroc.pl\/wp-content\/uploads\/2016\/10\/jf-1-300x296.jpg\" alt=\"jf-1\" width=\"200\" height=\"197\" srcset=\"https:\/\/ksi.ue.wroc.pl\/wp-content\/uploads\/2016\/10\/jf-1-300x296.jpg 300w, https:\/\/ksi.ue.wroc.pl\/wp-content\/uploads\/2016\/10\/jf-1.jpg 400w\" sizes=\"(max-width: 200px) 100vw, 200px\" \/><strong>Prof. Joaquim Filipe <\/strong>(<a href=\"http:\/\/ltodi.est.ips.pt\/jfilipe\/\">www<\/a>)<strong><br \/>\n<\/strong>Profesor Joaquim Filipe z Polytechnic Institute of Set\u00fabal jest inicjatorem i dyrektorem Instytutu\u00a0INSTICC (The Institute for Systems and Technologies\u00a0of Information, Control and Communication \u2013\u00a0<a href=\"http:\/\/www.insticc.org\/\">http:\/\/www.insticc.org\/<\/a>), organizacji non-profit skupiaj\u0105cej\u00a0ponad 500 stowarzyszonych cz\u0142onk\u00f3w z ponad 60 kraj\u00f3w,\u00a0dzia\u0142aj\u0105cej na rzecz rozwoju i rozpowszechniania\u00a0wiedzy naukowej w dziedzinie nowoczesnych system\u00f3w\u00a0i technologii informacyjnych.<\/p>\n<p>Organizatorami wizyty profesora na UE we Wroc\u0142awiu i jego doktoratu honorowego byli: prof. Leszek Maciaszek i dr Artur Rot.<\/p>\n<p>&nbsp;<\/p>\n<p><img loading=\"lazy\" decoding=\"async\" class=\"wp-image-386 alignleft\" src=\"http:\/\/ksi.ue.wroc.pl\/wp-content\/uploads\/2016\/10\/H.Oesterle-1-292x300.jpg\" alt=\"h-oesterle-1\" width=\"197\" height=\"202\" \/><\/p>\n<p><strong>Prof. Hubert Oesterle <\/strong>(<a href=\"http:\/\/www.iwi.unisg.ch\/ueber-uns\/lehrstuehle\/prof-em-dr-hubert-oesterle\/\">www<\/a>)<strong><br \/>\n<\/strong>Profesor z zakresu system\u00f3w informacyjnych biznesu, za\u0142o\u017cycielem i dyrektorem Instytutu Zarz\u0105dzania Informacj\u0105 na Uniwersytecie w Sankt Gallen\u00a0oraz przewodnicz\u0105cy rady dyrektor\u00f3w Business Engineering Institute St. Gallen AG.\u00a0Za swoje osi\u0105gni\u0119cia naukowe wyr\u00f3\u017cniony zosta\u0142 wieloma nagrodami, ostatnio nagrod\u0105 Scientific Impact Award 2014 of the University of Sankt Gallen.\u00a0Prof. H. Oesterle jest doktorem honorowym UE\u00a0we Wroc\u0142awiu \u2013 <a href=\"http:\/\/ksi.ue.wroc.pl\/index.php\/doktorat-honoris-causa\/\">wi\u0119cej<\/a><\/p>\n<p>Organizatorami wizyty profesora na UE we Wroc\u0142awiu byli: prof. Bogdan Franczyk, prof. Leszek Maciaszek i dr Artur Rot.<\/p>\n<p>&nbsp;<\/p>\n<p><img loading=\"lazy\" decoding=\"async\" class=\"wp-image-389 alignleft\" src=\"http:\/\/ksi.ue.wroc.pl\/wp-content\/uploads\/2016\/10\/ps.jpg\" alt=\"ps\" width=\"198\" height=\"203\" \/><\/p>\n<p><strong>Prof. Peter L. Stanchev <\/strong>(<a href=\"https:\/\/paws.kettering.edu\/~pstanche\/\">www<\/a>)<strong><br \/>\n<\/strong>Wyk\u0142adowca Uniwersytetu Kettering w USA. Profesor pe\u0142ni r\u00f3wnie\u017c rol\u0119 dyrektora Instytutu Matematyki i Informatyki Bu\u0142garskiej Akademii Nauk. Profesor jest autorem i wsp\u00f3\u0142autorem blisko 200 publikacji naukowych. Osi\u0105gni\u0119cia naukowe Profesor znajduj\u0105 r\u00f3wnie\u017c odzwierciedlenie w licznych realizowanych przez niego projektach mi\u0119dzynarodowych i grantach. W 2012 roku Profesor Peter Stanchev zosta\u0142 wyr\u00f3\u017cniony\u00a0tytu\u0142em Wybitnego Naukowca swojej uczelni w USA.<\/p>\n<p>Organizatorami wizyty profesora na UE we Wroc\u0142awiu by\u0142y: dr Maja Leszczy\u0144ska i dr Wies\u0142awa Gryncewicz.<\/p>\n","protected":false},"excerpt":{"rendered":"<p>Prof. Joaquim Filipe (www) Profesor Joaquim Filipe z Polytechnic Institute of Set\u00fabal jest inicjatorem i dyrektorem Instytutu\u00a0INSTICC (The Institute for Systems and Technologies\u00a0of Information, Control and Communication \u2013\u00a0http:\/\/www.insticc.org\/), organizacji non-profit skupiaj\u0105cej\u00a0ponad 500 stowarzyszonych cz\u0142onk\u00f3w z ponad 60 kraj\u00f3w,\u00a0dzia\u0142aj\u0105cej na rzecz rozwoju i rozpowszechniania\u00a0wiedzy naukowej w dziedzinie nowoczesnych system\u00f3w\u00a0i technologii informacyjnych. Organizatorami wizyty profesora na UE&hellip;<\/p>\n","protected":false},"author":1,"featured_media":0,"parent":0,"menu_order":0,"comment_status":"closed","ping_status":"closed","template":"","meta":{"footnotes":""},"_links":{"self":[{"href":"https:\/\/ksi.ue.wroc.pl\/index.php\/wp-json\/wp\/v2\/pages\/428"}],"collection":[{"href":"https:\/\/ksi.ue.wroc.pl\/index.php\/wp-json\/wp\/v2\/pages"}],"about":[{"href":"https:\/\/ksi.ue.wroc.pl\/index.php\/wp-json\/wp\/v2\/types\/page"}],"author":[{"embeddable":true,"href":"https:\/\/ksi.ue.wroc.pl\/index.php\/wp-json\/wp\/v2\/users\/1"}],"replies":[{"embeddable":true,"href":"https:\/\/ksi.ue.wroc.pl\/index.php\/wp-json\/wp\/v2\/comments?post=428"}],"version-history":[{"count":10,"href":"https:\/\/ksi.ue.wroc.pl\/index.php\/wp-json\/wp\/v2\/pages\/428\/revisions"}],"predecessor-version":[{"id":439,"href":"https:\/\/ksi.ue.wroc.pl\/index.php\/wp-json\/wp\/v2\/pages\/428\/revisions\/439"}],"wp:attachment":[{"href":"https:\/\/ksi.ue.wroc.pl\/index.php\/wp-json\/wp\/v2\/media?parent=428"}],"curies":[{"name":"wp","href":"https:\/\/api.w.org\/{rel}","templated":true}]}}