{"id":41,"date":"2016-09-08T16:29:55","date_gmt":"2016-09-08T14:29:55","guid":{"rendered":"http:\/\/ksi.ue.wroc.pl\/?page_id=41"},"modified":"2020-01-20T10:02:25","modified_gmt":"2020-01-20T09:02:25","slug":"profil-dydaktyczny","status":"publish","type":"page","link":"https:\/\/ksi.ue.wroc.pl\/index.php\/profil-dydaktyczny\/","title":{"rendered":"Profil dydaktyczny"},"content":{"rendered":"<p><img loading=\"lazy\" decoding=\"async\" class=\"size-medium wp-image-42 alignleft\" src=\"http:\/\/ksi.ue.wroc.pl\/wp-content\/uploads\/2016\/09\/university-300x177.jpg\" alt=\"Startup Stock Photos\" width=\"300\" height=\"177\" srcset=\"https:\/\/ksi.ue.wroc.pl\/wp-content\/uploads\/2016\/09\/university-300x177.jpg 300w, https:\/\/ksi.ue.wroc.pl\/wp-content\/uploads\/2016\/09\/university-768x454.jpg 768w, https:\/\/ksi.ue.wroc.pl\/wp-content\/uploads\/2016\/09\/university-1024x605.jpg 1024w\" sizes=\"(max-width: 300px) 100vw, 300px\" \/>Profil dydaktyczny i naukowo-badawczy Katedry System\u00f3w Informacyjnych odzwierciedla obszary zainteresowa\u0144 w typowych jednostkach naukowych zajmuj\u0105cych si\u0119 systemami informacyjnymi na \u015bwiecie. <strong>Informatyka ekonomiczna<\/strong> (ang. Business Informatics) r\u00f3\u017cni si\u0119 od informatyki technicznej (ang. computer science) tym, \u017ce k\u0142adzie nacisk na &#8222;mi\u0119kkie&#8221; aspekty informatyki i \u0142\u0105czy te aspekty z problematyk\u0105 zachowa\u0144 spo\u0142ecznych studiowanych w naukach o zarz\u0105dzaniu, ekonomii, socjologii i psychologii. Informatyka ekonomiczna nale\u017cy do nauk stosowanych, kt\u00f3re studiuj\u0105 zastosowania i u\u017cycie system\u00f3w informatycznych w biznesie, administracji i w spo\u0142ecze\u0144stwie.<\/p>\n<p>Dydaktyka w Katedrze prowadzona jest na trzech poziomach: <strong>Studia licencjackie <\/strong>(ang. Bachelor), <strong>Studia magisterskie<\/strong> (ang. Master) i <strong>Studia doktoranckie <\/strong>(ang. PhD). W ofercie Katedry s\u0105 tak\u017ce r\u00f3\u017cne <strong>studia podyplomowe<\/strong> ukierunkowane na absolwent\u00f3w r\u00f3\u017cnych kierunk\u00f3w studi\u00f3w, kt\u00f3rzy potrzebuj\u0105 uaktualnienia swojej wiedzy w r\u00f3\u017cnych obszarach zwi\u0105zanych z informatyk\u0105 ekonomiczn\u0105. Katedra organizuje <a href=\"http:\/\/ksi.ue.wroc.pl\/index.php\/studia-podyplomowe\/\">studia podyplomowe Cybersecurity Management<\/a> we wsp\u00f3\u0142pracy z firm\u0105 IBM oraz <a href=\"http:\/\/ksi.ue.wroc.pl\/index.php\/studia-podyplomowe-data-science-zaawansowana-analiza-danych\/\">studia podylomowe Data Science &#8211; zaawansowana analiza danych<\/a>. Pracownicy Katedry prowadz\u0105 r\u00f3wnie\u017c zaj\u0119cia w j\u0119zyku angielskim dla student\u00f3w w ramach programu <strong>Erasmus+<\/strong>.<\/p>\n<p>Studia podstawowe (ang. undergraduate) prowadzone s\u0105 na kierunku <strong><a href=\"http:\/\/ib.ue.wroc.pl\/\" target=\"_blank\" rel=\"noopener noreferrer\">Informatyka w Biznesie<\/a> i Business Informatics <\/strong>(w j\u0119z. angielskim). S\u0105 to nowe kierunki wprowadzonym w roku akademickim 2010\/11. Wi\u0119cej szczeg\u00f3\u0142\u00f3w dotycz\u0105cych kierunku Informatyka w biznesie mo\u017cna znale\u017a\u0107 na stronie <a href=\"http:\/\/ib.ue.wroc.pl\">ib.ue.wroc.pl<\/a>.<\/p>\n<p>Kierunek<strong> Informatyka w Biznesie<\/strong> powsta\u0142 w 2010 roku w odpowiedzi na rosn\u0105ce zapotrzebowanie rynku pracy, a tak\u017ce nowe trendy w technologiach informacyjnych. Kierunek dzieli si\u0119, tak jak na innych krajowych studiach, na dwa stopnie \u2013 licencjackie oraz uzupe\u0142niaj\u0105ce magisterskie, a jego struktura odpowiada \u201eProcesowi Bolo\u0144skiemu\u201d, kt\u00f3ry jest podstaw\u0105 tworzenia harmonijnego systemu szkolnictwa wy\u017cszego oraz zapewniania najwy\u017cszej jako\u015bci edukacji w Europie.<\/p>\n<p>Poza przedmiotami zdefiniowanymi w mi\u0119dzynarodowych standardach, kierunek oferuje szeroki zakres przedmiot\u00f3w dedykowanych wsp\u00f3\u0142czesnym aplikacjom biznesowym, metodom biznesu elektronicznego, zarz\u0105dzaniu projektami, analityce biznesowej, przetwarzaniu w chmurze oraz inteligentnym technologiom w logistyce, finansach i innych obszarach aplikacyjnych.<\/p>\n<p>Od roku akademickiego 2012\/13, Informatyka w Biznesie oferuje r\u00f3wnie\u017c studia w j\u0119zyku angielskim (<strong>Business Informatics<\/strong>), zar\u00f3wno dla obcokrajowc\u00f3w jak i student\u00f3w z Polski, kt\u00f3rzy chcieliby studiowa\u0107 w j\u0119zyku angielskim.<\/p>\n<p>Ponadto pracownicy Katedry prowadz\u0105 szereg podstawowych przedmiot\u00f3w (Technologie informacyjne, Informatyka w zarz\u0105dzaniu, System informacyjne) dla student\u00f3w innych kierunk\u00f3w na Uczelni.<\/p>\n<p>W celu u\u0142atwienia mi\u0119dzynarodowej wymiany student\u00f3w, Katedra podpisa\u0142a umow\u0119 na podstawie kt\u00f3rej Uniwersytet Ekonomiczny we Wroc\u0142awiu zosta\u0142 cz\u0142onkiem <strong><a href=\"http:\/\/www.is-link.org\/\" target=\"_blank\" rel=\"noopener noreferrer\">IS:link<\/a><\/strong> &#8211; mi\u0119dzynarodowego konsorcjum wymiany student\u00f3w informatyki ekonomicznej. Nast\u0119pstwem tej wsp\u00f3\u0142pracy jest przygotowana przez pracownik\u00f3w Katedry Szko\u0142a Letnia &#8211; Summer School, w kt\u00f3rej corocznie udzia\u0142 bior\u0105 studenci z kilkunastu kraj\u00f3w, z 4 kontynent\u00f3w. Wi\u0119cej szczeg\u00f3\u0142\u00f3w o tej inicjatywie Katedry mo\u017cna znale\u017a\u0107 <a href=\"http:\/\/ksi.ue.wroc.pl\/index.php\/summer-school\/\">tutaj<\/a>.<\/p>\n","protected":false},"excerpt":{"rendered":"<p>Profil dydaktyczny i naukowo-badawczy Katedry System\u00f3w Informacyjnych odzwierciedla obszary zainteresowa\u0144 w typowych jednostkach naukowych zajmuj\u0105cych si\u0119 systemami informacyjnymi na \u015bwiecie. Informatyka ekonomiczna (ang. Business Informatics) r\u00f3\u017cni si\u0119 od informatyki technicznej (ang. computer science) tym, \u017ce k\u0142adzie nacisk na &#8222;mi\u0119kkie&#8221; aspekty informatyki i \u0142\u0105czy te aspekty z problematyk\u0105 zachowa\u0144 spo\u0142ecznych studiowanych w naukach o zarz\u0105dzaniu, ekonomii,&hellip;<\/p>\n","protected":false},"author":1,"featured_media":0,"parent":0,"menu_order":0,"comment_status":"closed","ping_status":"closed","template":"","meta":{"footnotes":""},"_links":{"self":[{"href":"https:\/\/ksi.ue.wroc.pl\/index.php\/wp-json\/wp\/v2\/pages\/41"}],"collection":[{"href":"https:\/\/ksi.ue.wroc.pl\/index.php\/wp-json\/wp\/v2\/pages"}],"about":[{"href":"https:\/\/ksi.ue.wroc.pl\/index.php\/wp-json\/wp\/v2\/types\/page"}],"author":[{"embeddable":true,"href":"https:\/\/ksi.ue.wroc.pl\/index.php\/wp-json\/wp\/v2\/users\/1"}],"replies":[{"embeddable":true,"href":"https:\/\/ksi.ue.wroc.pl\/index.php\/wp-json\/wp\/v2\/comments?post=41"}],"version-history":[{"count":9,"href":"https:\/\/ksi.ue.wroc.pl\/index.php\/wp-json\/wp\/v2\/pages\/41\/revisions"}],"predecessor-version":[{"id":1321,"href":"https:\/\/ksi.ue.wroc.pl\/index.php\/wp-json\/wp\/v2\/pages\/41\/revisions\/1321"}],"wp:attachment":[{"href":"https:\/\/ksi.ue.wroc.pl\/index.php\/wp-json\/wp\/v2\/media?parent=41"}],"curies":[{"name":"wp","href":"https:\/\/api.w.org\/{rel}","templated":true}]}}