{"id":378,"date":"2016-10-01T10:52:36","date_gmt":"2016-10-01T08:52:36","guid":{"rendered":"http:\/\/ksi.ue.wroc.pl\/?page_id=378"},"modified":"2016-10-01T14:36:56","modified_gmt":"2016-10-01T12:36:56","slug":"profesorowie-wizytujacy-old","status":"publish","type":"page","link":"https:\/\/ksi.ue.wroc.pl\/index.php\/profesorowie-wizytujacy-old\/","title":{"rendered":"Profesorowie wizytuj\u0105cy old"},"content":{"rendered":"<p>Do\u00a0tej pory mieli\u015bmy przyjemno\u015b\u0107 go\u015bci\u0107 w\u00a0naszej Katedrze nast\u0119puj\u0105cych\u00a0profesor\u00f3w wizytuj\u0105cych:<\/p>\n<table id=\"t02\" style=\"width: 679px;\">\n<tbody>\n<tr>\n<td style=\"width: 236px;\"><img loading=\"lazy\" decoding=\"async\" class=\"aligncenter wp-image-385\" src=\"http:\/\/ksi.ue.wroc.pl\/wp-content\/uploads\/2016\/10\/jf-1-300x296.jpg\" alt=\"jf-1\" width=\"201\" height=\"199\" srcset=\"https:\/\/ksi.ue.wroc.pl\/wp-content\/uploads\/2016\/10\/jf-1-300x296.jpg 300w, https:\/\/ksi.ue.wroc.pl\/wp-content\/uploads\/2016\/10\/jf-1-150x150.jpg 150w, https:\/\/ksi.ue.wroc.pl\/wp-content\/uploads\/2016\/10\/jf-1.jpg 400w\" sizes=\"(max-width: 201px) 100vw, 201px\" \/><\/td>\n<td style=\"width: 412px;\">\n<p style=\"text-align: left;\"><strong><span style=\"font-family: arial, helvetica, sans-serif; font-size: 10pt;\">Prof. Joaquim Filipe<\/span><\/strong><\/p>\n<p style=\"text-align: left;\"><span style=\"font-size: 10pt; font-family: arial, helvetica, sans-serif;\">Profesor Joaquim Filipe z Polytechnic Institute of Set\u00fabal jest inicjatorem i dyrektorem Instytutu\u00a0<\/span><span style=\"font-size: 10pt; font-family: arial, helvetica, sans-serif;\">INSTICC (The Institute for Systems and Technologies\u00a0<\/span><span style=\"font-size: 10pt; font-family: arial, helvetica, sans-serif;\">of Information, Control and Communication \u2013\u00a0<\/span><span style=\"font-size: 10pt; font-family: arial, helvetica, sans-serif;\"><a href=\"http:\/\/www.insticc.org\/\">http:\/\/www.insticc.org\/<\/a>), organizacji non-profit skupiaj\u0105cej\u00a0<\/span><span style=\"font-size: 10pt; font-family: arial, helvetica, sans-serif;\">ponad 500 stowarzyszonych cz\u0142onk\u00f3w z ponad 60 kraj\u00f3w,\u00a0<\/span><span style=\"font-size: 10pt; font-family: arial, helvetica, sans-serif;\">dzia\u0142aj\u0105cej na rzecz rozwoju i rozpowszechniania\u00a0<\/span><span style=\"font-size: 10pt; font-family: arial, helvetica, sans-serif;\">wiedzy naukowej w dziedzinie nowoczesnych system\u00f3w\u00a0<\/span><span style=\"font-size: 10pt; font-family: arial, helvetica, sans-serif;\">i technologii informacyjnych. <\/span><\/p>\n<p style=\"text-align: left;\"><span style=\"font-size: 10pt; font-family: arial, helvetica, sans-serif;\">Organizatorami wizyty profesora na UE we Wroc\u0142awiu i jego doktoratu honorowego byli: prof. Leszek Maciaszek i dr Artur Rot.<\/span><\/p>\n<p style=\"text-align: left;\"><span style=\"font-size: 10pt;\"><a href=\"http:\/\/ltodi.est.ips.pt\/jfilipe\/\">Strona internetowa<\/a><\/span><\/p>\n<\/td>\n<\/tr>\n<tr>\n<td style=\"width: 236px;\">\u00a0<img loading=\"lazy\" decoding=\"async\" class=\"aligncenter wp-image-386\" src=\"http:\/\/ksi.ue.wroc.pl\/wp-content\/uploads\/2016\/10\/H.Oesterle-1-292x300.jpg\" alt=\"h-oesterle-1\" width=\"198\" height=\"204\" \/><\/td>\n<td style=\"width: 412px;\">\n<p style=\"text-align: left;\"><span style=\"font-family: arial, helvetica, sans-serif;\">\u00a0<span style=\"font-size: 10pt;\"><strong>Prof. Hubert Oesterle<\/strong><\/span><\/span><\/p>\n<p style=\"text-align: left;\"><span style=\"font-size: 10pt; font-family: arial, helvetica, sans-serif;\">Prof. Hubert Oesterle jest profesorem z zakresu system\u00f3w informacyjnych biznesu, za\u0142o\u017cycielem i dyrektorem Instytutu Zarz\u0105dzania Informacj\u0105 na Uniwersytecie w Sankt Gallen\u00a0oraz przewodnicz\u0105cym rady dyrektor\u00f3w Business Engineering Institute St. Gallen AG.\u00a0<\/span><span style=\"font-size: 10pt; font-family: arial, helvetica, sans-serif;\">Za swoje osi\u0105gni\u0119cia naukowe wyr\u00f3\u017cniony zosta\u0142 wieloma nagrodami, ostatnio nagrod\u0105 Scientific Impact Award 2014 of the University of Sankt Gallen.\u00a0<\/span><span style=\"font-size: 10pt; font-family: arial, helvetica, sans-serif;\">Prof. H. Oesterle jest doktorem honorowym Uniwersytetu Ekonomicznego we Wroc\u0142awiu &#8211; <a href=\"http:\/\/ksi.ue.wroc.pl\/index.php\/doktorat-honoris-causa\/\">wi\u0119cej<\/a><\/span><\/p>\n<p style=\"text-align: left;\"><span style=\"font-size: 10pt; font-family: arial, helvetica, sans-serif;\">Organizatorami wizyty profesora na UE we Wroc\u0142awiu byli: prof. Bogdan Franczyk, prof. Leszek Maciaszek i dr Artur Rot.<\/span><\/p>\n<p style=\"text-align: left;\"><span style=\"font-size: 10pt; font-family: arial, helvetica, sans-serif;\"><a href=\"http:\/\/www.iwi.unisg.ch\/ueber-uns\/lehrstuehle\/prof-em-dr-hubert-oesterle\/\">Strona internetowa<\/a><\/span><\/p>\n<\/td>\n<\/tr>\n<tr>\n<td style=\"width: 236px;\"><span style=\"font-size: 10pt;\">\u00a0<\/span><img loading=\"lazy\" decoding=\"async\" class=\"aligncenter wp-image-389\" src=\"http:\/\/ksi.ue.wroc.pl\/wp-content\/uploads\/2016\/10\/ps.jpg\" alt=\"ps\" width=\"197\" height=\"202\" \/><\/td>\n<td style=\"width: 412px;\">\n<p style=\"text-align: left;\">\u00a0<strong><span style=\"font-size: 10pt;\">Prof. Peter L. Stanchev<\/span><\/strong><\/p>\n<p style=\"text-align: left;\"><span style=\"font-size: 10pt;\">Wyk\u0142adowca Uniwersytetu Kettering w Stanach Zjednoczonych. Profesor pe\u0142ni r\u00f3wnie\u017c rol\u0119 dyrektora Instytutu Matematyki i Informatyki Bu\u0142garskiej Akademii Nauk. Profesor jest autorem i wsp\u00f3\u0142autorem blisko 200 publikacji naukowych. Osi\u0105gni\u0119cia naukowe Profesor znajduj\u0105 r\u00f3wnie\u017c odzwierciedlenie w licznych realizowanych przez niego projektach mi\u0119dzynarodowych i grantach. W 2012 roku Profesor Peter Stanchev zosta\u0142 wyr\u00f3\u017cniony\u00a0tytu\u0142em Wybitnego Naukowca swojej uczelni w USA.<\/span><\/p>\n<p style=\"text-align: left;\"><span style=\"font-family: arial, helvetica, sans-serif; font-size: 10pt;\">Organizatorami wizyty profesora na UE we Wroc\u0142awiu by\u0142y: dr Maja Leszczy\u0144ska i dr Wies\u0142awa Gryncewicz.<\/span><\/p>\n<p style=\"text-align: left;\"><span style=\"font-size: 10pt;\"><a href=\"https:\/\/paws.kettering.edu\/~pstanche\/\">Strona internetowa<\/a><\/span><\/p>\n<\/td>\n<\/tr>\n<\/tbody>\n<\/table>\n","protected":false},"excerpt":{"rendered":"<p>Do\u00a0tej pory mieli\u015bmy przyjemno\u015b\u0107 go\u015bci\u0107 w\u00a0naszej Katedrze nast\u0119puj\u0105cych\u00a0profesor\u00f3w wizytuj\u0105cych: Prof. Joaquim Filipe Profesor Joaquim Filipe z Polytechnic Institute of Set\u00fabal jest inicjatorem i dyrektorem Instytutu\u00a0INSTICC (The Institute for Systems and Technologies\u00a0of Information, Control and Communication \u2013\u00a0http:\/\/www.insticc.org\/), organizacji non-profit skupiaj\u0105cej\u00a0ponad 500 stowarzyszonych cz\u0142onk\u00f3w z ponad 60 kraj\u00f3w,\u00a0dzia\u0142aj\u0105cej na rzecz rozwoju i rozpowszechniania\u00a0wiedzy naukowej w dziedzinie nowoczesnych&hellip;<\/p>\n","protected":false},"author":1,"featured_media":0,"parent":0,"menu_order":0,"comment_status":"closed","ping_status":"closed","template":"","meta":{"footnotes":""},"_links":{"self":[{"href":"https:\/\/ksi.ue.wroc.pl\/index.php\/wp-json\/wp\/v2\/pages\/378"}],"collection":[{"href":"https:\/\/ksi.ue.wroc.pl\/index.php\/wp-json\/wp\/v2\/pages"}],"about":[{"href":"https:\/\/ksi.ue.wroc.pl\/index.php\/wp-json\/wp\/v2\/types\/page"}],"author":[{"embeddable":true,"href":"https:\/\/ksi.ue.wroc.pl\/index.php\/wp-json\/wp\/v2\/users\/1"}],"replies":[{"embeddable":true,"href":"https:\/\/ksi.ue.wroc.pl\/index.php\/wp-json\/wp\/v2\/comments?post=378"}],"version-history":[{"count":35,"href":"https:\/\/ksi.ue.wroc.pl\/index.php\/wp-json\/wp\/v2\/pages\/378\/revisions"}],"predecessor-version":[{"id":438,"href":"https:\/\/ksi.ue.wroc.pl\/index.php\/wp-json\/wp\/v2\/pages\/378\/revisions\/438"}],"wp:attachment":[{"href":"https:\/\/ksi.ue.wroc.pl\/index.php\/wp-json\/wp\/v2\/media?parent=378"}],"curies":[{"name":"wp","href":"https:\/\/api.w.org\/{rel}","templated":true}]}}