{"id":28,"date":"2016-09-08T16:20:48","date_gmt":"2016-09-08T14:20:48","guid":{"rendered":"http:\/\/ksi.ue.wroc.pl\/?page_id=28"},"modified":"2016-09-11T18:43:04","modified_gmt":"2016-09-11T16:43:04","slug":"konferencje","status":"publish","type":"page","link":"https:\/\/ksi.ue.wroc.pl\/index.php\/konferencje\/","title":{"rendered":"Konferencje naukowe"},"content":{"rendered":"<div class=\"content\">\n<p><img loading=\"lazy\" decoding=\"async\" class=\"size-medium wp-image-29 alignleft\" src=\"http:\/\/ksi.ue.wroc.pl\/wp-content\/uploads\/2016\/09\/conf-300x200.jpg\" alt=\"conf\" width=\"300\" height=\"200\" srcset=\"https:\/\/ksi.ue.wroc.pl\/wp-content\/uploads\/2016\/09\/conf-300x200.jpg 300w, https:\/\/ksi.ue.wroc.pl\/wp-content\/uploads\/2016\/09\/conf-768x512.jpg 768w, https:\/\/ksi.ue.wroc.pl\/wp-content\/uploads\/2016\/09\/conf-1024x683.jpg 1024w\" sizes=\"(max-width: 300px) 100vw, 300px\" \/><\/p>\n<p>Od kilku lat Pracownicy Katedry System\u00f3w Informacyjnych s\u0105 inicjatorami lub wsp\u00f3\u0142organizatorami kilku wa\u017cnych i presti\u017cowych mi\u0119dzynarodowych konferencji naukowych. Konferencje te sta\u0142y si\u0119 szerokim forum wymiany do\u015bwiadcze\u0144 z zakresu szeroko rozumianej informatyki ekonomicznej. W ramach nich podj\u0119ta zostaje dyskusja na temat m.in. identyfikacji i modelowania proces\u00f3w i us\u0142ug dla potrzeb spo\u0142ecze\u0144stwa informacyjnego, a tak\u017ce udzia\u0142u \u015brodowisk naukowych i firm w procesie wykorzystania mo\u017cliwo\u015bci, jakie nios\u0105 nowoczesne systemy i technologie informatyczne. Obok przedstawicieli \u015brodowisk akademickich z ca\u0142ego \u015bwiata, udzia\u0142 w konferencjach bior\u0105 reprezentanci firm, zajmuj\u0105cych si\u0119 produkcj\u0105, integracj\u0105 i wdra\u017caniem system\u00f3w informatycznych, a tak\u017ce przedstawiciele wydawnictw naukowych i profesjonalnych.<\/p>\n<p>Pracownicy Katedry s\u0105 zaanga\u017cowani w organizacj\u0119 i wsp\u00f3\u0142organizacj\u0119 du\u017cych corocznych <strong>konferencji mi\u0119dzynarodowych<\/strong>, w tym:<\/p>\n<\/div>\n<p>&nbsp;<\/p>\n<p><a href=\"http:\/\/www.enase.org\/\" target=\"_blank\">ENASE<\/a> &#8211; <strong>International Conference on Evaluation of Novel Approaches to Software Engineering<\/strong><\/p>\n<p><a href=\"http:\/\/www.enase.org\"><img loading=\"lazy\" decoding=\"async\" class=\"alignnone wp-image-30\" src=\"http:\/\/ksi.ue.wroc.pl\/wp-content\/uploads\/2016\/09\/enase-300x60.jpg\" alt=\"enase\" width=\"640\" height=\"128\" srcset=\"https:\/\/ksi.ue.wroc.pl\/wp-content\/uploads\/2016\/09\/enase-300x60.jpg 300w, https:\/\/ksi.ue.wroc.pl\/wp-content\/uploads\/2016\/09\/enase-768x155.jpg 768w, https:\/\/ksi.ue.wroc.pl\/wp-content\/uploads\/2016\/09\/enase-1024x206.jpg 1024w, https:\/\/ksi.ue.wroc.pl\/wp-content\/uploads\/2016\/09\/enase.jpg 1503w\" sizes=\"(max-width: 640px) 100vw, 640px\" \/><\/a><\/p>\n<hr \/>\n<p><a href=\"http:\/\/www.fedcsis.org\/\" target=\"_blank\">FedCSIS<\/a> &#8211; <strong>Federated Conference on Computer Science and Information Systems<\/strong><\/p>\n<p><a href=\"http:\/\/www.fedcsis.org\"><img loading=\"lazy\" decoding=\"async\" class=\"alignnone wp-image-32\" src=\"http:\/\/ksi.ue.wroc.pl\/wp-content\/uploads\/2016\/09\/fedcsis-300x60.jpg\" alt=\"fedcsis\" width=\"640\" height=\"128\" srcset=\"https:\/\/ksi.ue.wroc.pl\/wp-content\/uploads\/2016\/09\/fedcsis-300x60.jpg 300w, https:\/\/ksi.ue.wroc.pl\/wp-content\/uploads\/2016\/09\/fedcsis-768x155.jpg 768w, https:\/\/ksi.ue.wroc.pl\/wp-content\/uploads\/2016\/09\/fedcsis-1024x206.jpg 1024w, https:\/\/ksi.ue.wroc.pl\/wp-content\/uploads\/2016\/09\/fedcsis.jpg 1503w\" sizes=\"(max-width: 640px) 100vw, 640px\" \/><\/a><\/p>\n<hr \/>\n<p><a href=\"http:\/\/www.iceis.org\/\" target=\"_blank\">ICEIS<\/a> &#8211; <strong>International Conference on Enterprise Information Systems<\/strong><\/p>\n<p><a href=\"http:\/\/iceis.org\"><img loading=\"lazy\" decoding=\"async\" class=\"alignnone wp-image-35\" src=\"http:\/\/ksi.ue.wroc.pl\/wp-content\/uploads\/2016\/09\/iceis1-300x60.jpg\" alt=\"iceis1\" width=\"640\" height=\"128\" srcset=\"https:\/\/ksi.ue.wroc.pl\/wp-content\/uploads\/2016\/09\/iceis1-300x60.jpg 300w, https:\/\/ksi.ue.wroc.pl\/wp-content\/uploads\/2016\/09\/iceis1-768x155.jpg 768w, https:\/\/ksi.ue.wroc.pl\/wp-content\/uploads\/2016\/09\/iceis1-1024x206.jpg 1024w, https:\/\/ksi.ue.wroc.pl\/wp-content\/uploads\/2016\/09\/iceis1.jpg 1503w\" sizes=\"(max-width: 640px) 100vw, 640px\" \/><\/a><\/p>\n<hr \/>\n<p><a href=\"http:\/\/www.icsoft-ea.org\/\" target=\"_blank\">ICSOFT<\/a> &#8211; <strong>International Conference on Software Engineering and Applications <\/strong><\/p>\n<p><a href=\"http:\/\/www.icsoft-ea.org\/\"><img loading=\"lazy\" decoding=\"async\" class=\"alignnone wp-image-36\" src=\"http:\/\/ksi.ue.wroc.pl\/wp-content\/uploads\/2016\/09\/icsoft-300x60.jpg\" alt=\"icsoft\" width=\"640\" height=\"128\" srcset=\"https:\/\/ksi.ue.wroc.pl\/wp-content\/uploads\/2016\/09\/icsoft-300x60.jpg 300w, https:\/\/ksi.ue.wroc.pl\/wp-content\/uploads\/2016\/09\/icsoft-768x155.jpg 768w, https:\/\/ksi.ue.wroc.pl\/wp-content\/uploads\/2016\/09\/icsoft-1024x206.jpg 1024w, https:\/\/ksi.ue.wroc.pl\/wp-content\/uploads\/2016\/09\/icsoft.jpg 1503w\" sizes=\"(max-width: 640px) 100vw, 640px\" \/><\/a><\/p>\n<hr \/>\n<p><a href=\"http:\/\/www.is-ehst.org\/\">EHST <\/a>&#8211;\u00a0<strong>International Symposium on e-Health Services and Technologies<\/strong><\/p>\n<p><a href=\"http:\/\/www.is-ehst.org\/\"><img loading=\"lazy\" decoding=\"async\" class=\"alignnone wp-image-253\" src=\"http:\/\/ksi.ue.wroc.pl\/wp-content\/uploads\/2016\/09\/ehst-300x78.jpg\" alt=\"ehst\" width=\"639\" height=\"166\" srcset=\"https:\/\/ksi.ue.wroc.pl\/wp-content\/uploads\/2016\/09\/ehst-300x78.jpg 300w, https:\/\/ksi.ue.wroc.pl\/wp-content\/uploads\/2016\/09\/ehst-768x201.jpg 768w, https:\/\/ksi.ue.wroc.pl\/wp-content\/uploads\/2016\/09\/ehst-1024x268.jpg 1024w, https:\/\/ksi.ue.wroc.pl\/wp-content\/uploads\/2016\/09\/ehst.jpg 1491w\" sizes=\"(max-width: 639px) 100vw, 639px\" \/><\/a><\/p>\n<hr \/>\n<p><strong>SIZO &#8211; Konferencja Systemy informacyjne w zarz\u0105dzaniu organizacj\u0105. Nauka. Dydaktyka. Praktyka\u00a0<\/strong><\/p>\n<hr \/>\n<p>W dniach od 28 czerwca do 1 lipca 2012 roku na UE we Wroc\u0142awiu go\u015bcili\u015bmy naukowc\u00f3w z ca\u0142ego \u015bwiata, gdy\u017c odby\u0142y si\u0119 wtedy jednocze\u015bnie dwie mi\u0119dzynarodowe presti\u017cowe konferencje, kt\u00f3rych wsp\u00f3\u0142organizatorami byli pracownicy Katedry.<br \/>\nPierwsz\u0105 z nich by\u0142a mi\u0119dzynarodowa konferencja <a href=\"http:\/\/www.enase.org\/?y=2012\">ENASE 2012 <\/a>\u2013 7 th International Conference on Evaluation of Novel Approaches to Software Engineering. Misj\u0105 tej corocznej konferencji jest to aby sta\u0142a si\u0119 ona mi\u0119dzynarodowym forum dyskusji, wymiany do\u015bwiadcze\u0144 i publikacji wynik\u00f3w bada\u0144 ekspert\u00f3w bran\u017cy IT w obszarze nowych metod stosowanych w in\u017cynierii oprogramowania. Poprzednie edycje niniejszej konferencji odbywa\u0142y si\u0119 w nast\u0119puj\u0105cych miejscach: Erfurt \u2013 Niemcy (2006), Barcelona \u2013 Hiszpania (2007), Madera \u2013 Portugalia (2008), Mediolan \u2013 W\u0142ochy (2009), Ateny \u2013 Grecja (2010), Pekin \u2013 Chiny (2011). Wszystkie aktualne informacje dotycz\u0105ce konferencji znale\u017a\u0107 mo\u017cna na stronie internetowej:<a href=\"http:\/\/www.enase.org\/\">www.enase.org<\/a>.<\/p>\n<p>Drug\u0105 konferencj\u0105 by\u0142a <a href=\"http:\/\/www.iceis.org\/?y=2012\">ICEIS 2012<\/a> \u2013 14th International Conference on Enterprise Information Systems. Podobnie jak w przypadku konferencji ENASE, jej organizatorem obok Instytutu INSTICC z Portugali s\u0105 pracownicy Katedry System\u00f3w Informacyjnych UE we Wroc\u0142awiu (a w szczeg\u00f3lno\u015bci prof. Leszek Maciaszek, dr Artur Rot, dr Wies\u0142awa Gryncewicz). Konferencja jest organizowana r\u00f3wnie\u017c we wsp\u00f3\u0142pracy z The Association for the Advancement of Artificial Intelligence (AAAI) oraz The Institute of Electronics Information and Communication Enginners (IEICE).<br \/>\nCelem tej konferencji jest mi\u0119dzy innymi integracja naukowc\u00f3w i praktyk\u00f3w zainteresowanych tematyk\u0105 aplikacji i system\u00f3w informatycznych w biznesie. W ramach konferencji odb\u0119dzie si\u0119 jednocze\u015bnie kilka sesji dotycz\u0105cych r\u00f3\u017cnych aspekt\u00f3w zastosowa\u0144 technologii i system\u00f3w informatycznych w organizacjach.<br \/>\nWe Wroc\u0142awiu odby\u0142a si\u0119 14 edycja tej konferencji, poprzednie odbywa\u0142y si\u0119 w nast\u0119puj\u0105cych miejscach: Setubal \u2013 Portugalia (1999), Stafford \u2013 Wielka Brytania (2000), Setubal \u2013 Portugalia (2001), Ciudad Real \u2013 Hiszpania (2002), Angers \u2013 Francja (2003), Porto \u2013 Portugalia (2004), Miami \u2013 USA (2005), Pafos \u2013 Cypr (2006), Funchal, Madera \u2013 Portugalia (2007), Barcelona \u2013 Hiszpania (2008), Mediolan \u2013 W\u0142ochy (2009), Ateny \u2013 Grecja (2010), Pekin \u2013 Chiny (2011).\u00a0Wszystkie aktualne informacje dotycz\u0105ce konferencji znale\u017a\u0107 mo\u017cna na stronie internetowej: <a href=\"http:\/\/www.iceis.org\">www.iceis.org<\/a><\/p>\n<p>&nbsp;<\/p>\n","protected":false},"excerpt":{"rendered":"<p>Od kilku lat Pracownicy Katedry System\u00f3w Informacyjnych s\u0105 inicjatorami lub wsp\u00f3\u0142organizatorami kilku wa\u017cnych i presti\u017cowych mi\u0119dzynarodowych konferencji naukowych. Konferencje te sta\u0142y si\u0119 szerokim forum wymiany do\u015bwiadcze\u0144 z zakresu szeroko rozumianej informatyki ekonomicznej. W ramach nich podj\u0119ta zostaje dyskusja na temat m.in. identyfikacji i modelowania proces\u00f3w i us\u0142ug dla potrzeb spo\u0142ecze\u0144stwa informacyjnego, a tak\u017ce udzia\u0142u \u015brodowisk&hellip;<\/p>\n","protected":false},"author":1,"featured_media":0,"parent":0,"menu_order":0,"comment_status":"closed","ping_status":"closed","template":"","meta":{"footnotes":""},"_links":{"self":[{"href":"https:\/\/ksi.ue.wroc.pl\/index.php\/wp-json\/wp\/v2\/pages\/28"}],"collection":[{"href":"https:\/\/ksi.ue.wroc.pl\/index.php\/wp-json\/wp\/v2\/pages"}],"about":[{"href":"https:\/\/ksi.ue.wroc.pl\/index.php\/wp-json\/wp\/v2\/types\/page"}],"author":[{"embeddable":true,"href":"https:\/\/ksi.ue.wroc.pl\/index.php\/wp-json\/wp\/v2\/users\/1"}],"replies":[{"embeddable":true,"href":"https:\/\/ksi.ue.wroc.pl\/index.php\/wp-json\/wp\/v2\/comments?post=28"}],"version-history":[{"count":11,"href":"https:\/\/ksi.ue.wroc.pl\/index.php\/wp-json\/wp\/v2\/pages\/28\/revisions"}],"predecessor-version":[{"id":262,"href":"https:\/\/ksi.ue.wroc.pl\/index.php\/wp-json\/wp\/v2\/pages\/28\/revisions\/262"}],"wp:attachment":[{"href":"https:\/\/ksi.ue.wroc.pl\/index.php\/wp-json\/wp\/v2\/media?parent=28"}],"curies":[{"name":"wp","href":"https:\/\/api.w.org\/{rel}","templated":true}]}}