{"id":22,"date":"2016-09-08T16:08:19","date_gmt":"2016-09-08T14:08:19","guid":{"rendered":"http:\/\/ksi.ue.wroc.pl\/?page_id=22"},"modified":"2020-01-18T22:50:43","modified_gmt":"2020-01-18T21:50:43","slug":"kolo-naukowe","status":"publish","type":"page","link":"https:\/\/ksi.ue.wroc.pl\/index.php\/kolo-naukowe\/","title":{"rendered":"Ko\u0142o naukowe"},"content":{"rendered":"<p><img loading=\"lazy\" decoding=\"async\" class=\"size-medium wp-image-24 alignleft\" src=\"http:\/\/ksi.ue.wroc.pl\/wp-content\/uploads\/2016\/09\/eczwartki-300x111.png\" alt=\"eczwartki\" width=\"300\" height=\"111\" srcset=\"https:\/\/ksi.ue.wroc.pl\/wp-content\/uploads\/2016\/09\/eczwartki-300x111.png 300w, https:\/\/ksi.ue.wroc.pl\/wp-content\/uploads\/2016\/09\/eczwartki.png 740w\" sizes=\"(max-width: 300px) 100vw, 300px\" \/>Katedra System\u00f3w Informacyjnych prowadzi studenckie <strong>ko\u0142o naukowe<\/strong> <strong>Biznesu Elektronicznego<\/strong> <em><strong>Bizon<\/strong><\/em>. Opiekunem ko\u0142a jest dr \u0141ukasz \u0141ysik. Jedn\u0105 z ciekawszych inicjatyw ko\u0142a s\u0105 cykliczne e-czwartki.<\/p>\n<p>Misj\u0105 ko\u0142a naukowego jest &#8222;Kszta\u0142towanie praktycznej wiedzy student\u00f3w z zakresu biznesu elektronicznego oraz po\u0142\u0105czenie \u015brodowiska studenckiego z praktyk\u0105 gospodarcz\u0105\/potencjalnymi pracodawcami poprzez aktywn\u0105 i krytyczn\u0105 wsp\u00f3\u0142prac\u0119.&#8221;<\/p>\n<p>&#8222;\u0141\u0105czy\u0107 akademick\u0105 wiedz\u0119 z praktyk\u0105 gospodarcz\u0105&#8221; &#8211; oto jedna z naczelnych zasad Ko\u0142a Naukowego Biznesu Elektronicznego Bizon. Bazuj\u0105c na tej regule, cz\u0142onkowie ko\u0142a staraj\u0105<span class=\"text_exposed_show\">\u00a0si\u0119 kszta\u0142towa\u0107 sylwetk\u0119 absolwenta Uniwersytetu Ekonomicznego we Wroc\u0142awiu na osob\u0119 atrakcyjn\u0105 w oczach pracodawc\u00f3w.<\/span><\/p>\n<p>Co wi\u0119cej, aktywne partycypowanie w dzia\u0142aniach Elektronu pozwala efektywniej zaprezentowa\u0107 swoj\u0105 osob\u0119 na presti\u017cowym rynku pracy.<\/p>\n<p>Ko\u0142o dzia\u0142a aktywnie ju\u017c od 2009 roku.<\/p>\n<p>Wi\u0119cej na temat ko\u0142a naukowego Elektron i jego inicjatyw mo\u017cna dowiedzie\u0107 si\u0119 na profilu: <a href=\"https:\/\/www.facebook.com\/knbizON\/\">https:\/\/www.facebook.com\/knbizON\/<\/a><\/p>\n<p><img loading=\"lazy\" decoding=\"async\" class=\"wp-image-26 alignleft\" src=\"http:\/\/ksi.ue.wroc.pl\/wp-content\/uploads\/2016\/09\/ll2.png\" alt=\"ll2\" width=\"149\" height=\"149\" srcset=\"https:\/\/ksi.ue.wroc.pl\/wp-content\/uploads\/2016\/09\/ll2.png 220w, https:\/\/ksi.ue.wroc.pl\/wp-content\/uploads\/2016\/09\/ll2-150x150.png 150w\" sizes=\"(max-width: 149px) 100vw, 149px\" \/><br \/>\nDr \u0141ukasz \u0141ysik<br \/>\n<em>Opiekun ko\u0142a naukowego Bizon<br \/>\n<\/em><a href=\"mailto:lukasz.lysik@ue.wroc.pl\">lukasz.lysik@ue.wroc.pl<\/a><\/p>\n","protected":false},"excerpt":{"rendered":"<p>Katedra System\u00f3w Informacyjnych prowadzi studenckie ko\u0142o naukowe Biznesu Elektronicznego Bizon. Opiekunem ko\u0142a jest dr \u0141ukasz \u0141ysik. Jedn\u0105 z ciekawszych inicjatyw ko\u0142a s\u0105 cykliczne e-czwartki. Misj\u0105 ko\u0142a naukowego jest &#8222;Kszta\u0142towanie praktycznej wiedzy student\u00f3w z zakresu biznesu elektronicznego oraz po\u0142\u0105czenie \u015brodowiska studenckiego z praktyk\u0105 gospodarcz\u0105\/potencjalnymi pracodawcami poprzez aktywn\u0105 i krytyczn\u0105 wsp\u00f3\u0142prac\u0119.&#8221; &#8222;\u0141\u0105czy\u0107 akademick\u0105 wiedz\u0119 z praktyk\u0105 gospodarcz\u0105&#8221;&hellip;<\/p>\n","protected":false},"author":1,"featured_media":0,"parent":0,"menu_order":0,"comment_status":"closed","ping_status":"closed","template":"","meta":{"footnotes":""},"_links":{"self":[{"href":"https:\/\/ksi.ue.wroc.pl\/index.php\/wp-json\/wp\/v2\/pages\/22"}],"collection":[{"href":"https:\/\/ksi.ue.wroc.pl\/index.php\/wp-json\/wp\/v2\/pages"}],"about":[{"href":"https:\/\/ksi.ue.wroc.pl\/index.php\/wp-json\/wp\/v2\/types\/page"}],"author":[{"embeddable":true,"href":"https:\/\/ksi.ue.wroc.pl\/index.php\/wp-json\/wp\/v2\/users\/1"}],"replies":[{"embeddable":true,"href":"https:\/\/ksi.ue.wroc.pl\/index.php\/wp-json\/wp\/v2\/comments?post=22"}],"version-history":[{"count":6,"href":"https:\/\/ksi.ue.wroc.pl\/index.php\/wp-json\/wp\/v2\/pages\/22\/revisions"}],"predecessor-version":[{"id":1269,"href":"https:\/\/ksi.ue.wroc.pl\/index.php\/wp-json\/wp\/v2\/pages\/22\/revisions\/1269"}],"wp:attachment":[{"href":"https:\/\/ksi.ue.wroc.pl\/index.php\/wp-json\/wp\/v2\/media?parent=22"}],"curies":[{"name":"wp","href":"https:\/\/api.w.org\/{rel}","templated":true}]}}