{"id":196,"date":"2016-09-10T06:58:54","date_gmt":"2016-09-10T04:58:54","guid":{"rendered":"http:\/\/ksi.ue.wroc.pl\/?page_id=196"},"modified":"2016-09-24T11:27:31","modified_gmt":"2016-09-24T09:27:31","slug":"centrum-kompetencji","status":"publish","type":"page","link":"https:\/\/ksi.ue.wroc.pl\/index.php\/centrum-kompetencji\/","title":{"rendered":"Centrum kompetencji"},"content":{"rendered":"<p><b><img loading=\"lazy\" decoding=\"async\" class=\"size-medium wp-image-200 alignleft\" src=\"http:\/\/ksi.ue.wroc.pl\/wp-content\/uploads\/2016\/09\/idea-bulb-paper-300x201.jpg\" alt=\"idea-bulb-paper\" width=\"300\" height=\"201\" srcset=\"https:\/\/ksi.ue.wroc.pl\/wp-content\/uploads\/2016\/09\/idea-bulb-paper-300x201.jpg 300w, https:\/\/ksi.ue.wroc.pl\/wp-content\/uploads\/2016\/09\/idea-bulb-paper-768x514.jpg 768w, https:\/\/ksi.ue.wroc.pl\/wp-content\/uploads\/2016\/09\/idea-bulb-paper-1024x685.jpg 1024w\" sizes=\"(max-width: 300px) 100vw, 300px\" \/>Centrum Kompetencji IT in Service Economy (CC ITSE &#8211; <a href=\"http:\/\/itse.ue.wroc.pl\">itse.ue.wroc.pl<\/a>)<\/b> jest inicjatyw\u0105 badawczo-rozwojow\u0105 stworzon\u0105 przez Katedr\u0119 System\u00f3w Informacyjnych\u00a0Uniwersytetu Ekonomicznego we Wroc\u0142awiu.<\/p>\n<p>Centrum prowadzi projekty badawczo-rozwojowe we wsp\u00f3\u0142pracy z innymi instytucjami, przedsi\u0119biorstwami i organizacjami rz\u0105dowymi oraz spo\u0142ecznymi z ca\u0142ej Europy.<\/p>\n<p>Centrum zosta\u0142o uruchomione w pa\u017adzierniku 2013 roku, jednak jego historia si\u0119ga wrze\u015bnia 2012. Zosta\u0142a w\u00f3wczas podpisana umowa o wsp\u00f3\u0142pracy mi\u0119dzy Uniwersytetem Ekonomicznym we Wroc\u0142awiu i Uniwersytetem w St. Gallen w Szwajcarii, kt\u00f3ra zak\u0142ada realizowanie wsp\u00f3lnych prac badawczo-rozwojowych w dziedzinie Niezale\u017cnego \u017bycia (Independent Living \u2013 IL). Rezultatem tej wsp\u00f3\u0142pracy by\u0142o wprowadzenie na rynek w pa\u017adzierniku 2014 platformy Amiona, kt\u00f3ra wprowadza nowe mo\u017cliwo\u015bci w zakresie oferowania i po\u015bredniczenia us\u0142ug spo\u0142eczno\u015bciom lokalnym.<\/p>\n<p>Misj\u0105 CC ITSE jest prowadzenie bada\u0144 maj\u0105cych na celu usprawnianie i wzmocnienie rozwi\u0105za\u0144 IT wspieraj\u0105cych spo\u0142ecze\u0144stwo poprzez rozw\u00f3j platform In\u017cynierii \u017bycia i Zarz\u0105dzania Zdrowiem (Lifestyle Engineering &amp; Health Management) oferuj\u0105cych po\u015bredniczenie, negocjowanie i dostarczanie szerokiej gamy us\u0142ug do konsument\u00f3w. Celem jest umo\u017cliwienie w szczeg\u00f3lno\u015bci osobom starszym (w wieku przedemerytalnym lub emerytalnym, zdrowych i z problemami zdrowotnymi) aktywnego \u017cycia pod wzgl\u0119dem spo\u0142ecznym i ekonomicznym.<\/p>\n<p>Z punktu widzenia IT, ide\u0105 Centrum jest dostarczanie innowacyjnych system\u00f3w i rozwi\u0105za\u0144 uwzgl\u0119dniaj\u0105cych wsp\u00f3\u0142czesne przesuni\u0119cie paradygmatu przetwarzania danych w kierunku nauki o us\u0142ugach, Cloud Computing, \u0142\u0105czno\u015bci mobilnej, proces\u00f3w biznesowych oraz partycypacji spo\u0142ecznej. Wi\u0119cej na stronie internetowej naszego Centrum Kompetencji: <a href=\"http:\/\/itse.ue.wroc.pl\">itse.ue.wroc.pl<\/a><\/p>\n<p><a href=\"http:\/\/itse.ue.wroc.pl\"><img loading=\"lazy\" decoding=\"async\" class=\"alignnone wp-image-324\" src=\"http:\/\/ksi.ue.wroc.pl\/wp-content\/uploads\/2016\/09\/itse-300x120.jpg\" alt=\"itse\" width=\"680\" height=\"272\" srcset=\"https:\/\/ksi.ue.wroc.pl\/wp-content\/uploads\/2016\/09\/itse-300x120.jpg 300w, https:\/\/ksi.ue.wroc.pl\/wp-content\/uploads\/2016\/09\/itse-768x307.jpg 768w, https:\/\/ksi.ue.wroc.pl\/wp-content\/uploads\/2016\/09\/itse-1024x410.jpg 1024w, https:\/\/ksi.ue.wroc.pl\/wp-content\/uploads\/2016\/09\/itse.jpg 1896w\" sizes=\"(max-width: 680px) 100vw, 680px\" \/><\/a><\/p>\n<p>Centrum ITSE jest cz\u0142onkiem m.in. Instytutu IATI.\u00a0Instytut Autostrada Technologii i Innowacji (IATI) to <b>wirtualny instytut\u00a0<\/b>stworzony z my\u015bl\u0105 o zintegrowaniu prac naukowo-badawczych przez trzy \u015brodowiska: <b>uczelnie wy\u017csze, niezale\u017cne instytuty badawcze i przedsi\u0119biorstwa<\/b>. <a href=\"http:\/\/iati.pl\/centra\/centrum-kompetencyjne-it-in-service-economy-cc-itse\/\">Wi\u0119cej&#8230;<\/a><\/p>\n<p><a href=\"http:\/\/iati.pl\/centra\/centrum-kompetencyjne-it-in-service-economy-cc-itse\/\"><img loading=\"lazy\" decoding=\"async\" class=\"alignnone wp-image-197\" src=\"http:\/\/ksi.ue.wroc.pl\/wp-content\/uploads\/2016\/09\/iati-300x141.jpg\" alt=\"iati\" width=\"680\" height=\"319\" srcset=\"https:\/\/ksi.ue.wroc.pl\/wp-content\/uploads\/2016\/09\/iati-300x141.jpg 300w, https:\/\/ksi.ue.wroc.pl\/wp-content\/uploads\/2016\/09\/iati-768x361.jpg 768w, https:\/\/ksi.ue.wroc.pl\/wp-content\/uploads\/2016\/09\/iati-1024x481.jpg 1024w, https:\/\/ksi.ue.wroc.pl\/wp-content\/uploads\/2016\/09\/iati.jpg 1896w\" sizes=\"(max-width: 680px) 100vw, 680px\" \/><\/a><\/p>\n","protected":false},"excerpt":{"rendered":"<p>Centrum Kompetencji IT in Service Economy (CC ITSE &#8211; itse.ue.wroc.pl) jest inicjatyw\u0105 badawczo-rozwojow\u0105 stworzon\u0105 przez Katedr\u0119 System\u00f3w Informacyjnych\u00a0Uniwersytetu Ekonomicznego we Wroc\u0142awiu. Centrum prowadzi projekty badawczo-rozwojowe we wsp\u00f3\u0142pracy z innymi instytucjami, przedsi\u0119biorstwami i organizacjami rz\u0105dowymi oraz spo\u0142ecznymi z ca\u0142ej Europy. Centrum zosta\u0142o uruchomione w pa\u017adzierniku 2013 roku, jednak jego historia si\u0119ga wrze\u015bnia 2012. Zosta\u0142a w\u00f3wczas podpisana&hellip;<\/p>\n","protected":false},"author":1,"featured_media":0,"parent":0,"menu_order":0,"comment_status":"closed","ping_status":"closed","template":"","meta":{"footnotes":""},"_links":{"self":[{"href":"https:\/\/ksi.ue.wroc.pl\/index.php\/wp-json\/wp\/v2\/pages\/196"}],"collection":[{"href":"https:\/\/ksi.ue.wroc.pl\/index.php\/wp-json\/wp\/v2\/pages"}],"about":[{"href":"https:\/\/ksi.ue.wroc.pl\/index.php\/wp-json\/wp\/v2\/types\/page"}],"author":[{"embeddable":true,"href":"https:\/\/ksi.ue.wroc.pl\/index.php\/wp-json\/wp\/v2\/users\/1"}],"replies":[{"embeddable":true,"href":"https:\/\/ksi.ue.wroc.pl\/index.php\/wp-json\/wp\/v2\/comments?post=196"}],"version-history":[{"count":9,"href":"https:\/\/ksi.ue.wroc.pl\/index.php\/wp-json\/wp\/v2\/pages\/196\/revisions"}],"predecessor-version":[{"id":335,"href":"https:\/\/ksi.ue.wroc.pl\/index.php\/wp-json\/wp\/v2\/pages\/196\/revisions\/335"}],"wp:attachment":[{"href":"https:\/\/ksi.ue.wroc.pl\/index.php\/wp-json\/wp\/v2\/media?parent=196"}],"curies":[{"name":"wp","href":"https:\/\/api.w.org\/{rel}","templated":true}]}}