{"id":17,"date":"2016-09-08T16:06:40","date_gmt":"2016-09-08T14:06:40","guid":{"rendered":"http:\/\/ksi.ue.wroc.pl\/?page_id=17"},"modified":"2016-09-10T07:10:59","modified_gmt":"2016-09-10T05:10:59","slug":"inne-inicjatywy","status":"publish","type":"page","link":"https:\/\/ksi.ue.wroc.pl\/index.php\/inne-inicjatywy\/","title":{"rendered":"Inne inicjatywy"},"content":{"rendered":"<p><img loading=\"lazy\" decoding=\"async\" class=\"size-medium wp-image-19 alignleft\" src=\"http:\/\/ksi.ue.wroc.pl\/wp-content\/uploads\/2016\/09\/books-desk-300x201.jpg\" alt=\"SONY DSC\" width=\"300\" height=\"201\" srcset=\"https:\/\/ksi.ue.wroc.pl\/wp-content\/uploads\/2016\/09\/books-desk-300x201.jpg 300w, https:\/\/ksi.ue.wroc.pl\/wp-content\/uploads\/2016\/09\/books-desk-768x515.jpg 768w, https:\/\/ksi.ue.wroc.pl\/wp-content\/uploads\/2016\/09\/books-desk-1024x687.jpg 1024w\" sizes=\"(max-width: 300px) 100vw, 300px\" \/>W\u015br\u00f3d innych inicjatyw dydaktycznych Katedry System\u00f3w Informacyjnych warto wymieni\u0107 nale\u017cy <strong>praktyki edukacyjne Multipurpose Cloud Center (mc2) organizowane przez firm\u0119 IBM we wsp\u00f3\u0142pracy z Uniwersytetem Ekonomicznym we Wroc\u0142awiu oraz Politechnik\u0105 Wroc\u0142awsk\u0105. <\/strong>Firma IBM we wsp\u00f3\u0142pracy z Uniwersytetem Ekonomicznym we Wroc\u0142awiu organizuje dla student\u00f3w UE we Wroc\u0142awiu wyj\u0105tkowe praktyki edukacyjne Multipurpose Cloud Center (mc2), kt\u00f3re realizowane s\u0105 w chmurze obliczeniowej. Zaj\u0119cia odbywaj\u0105 si\u0119 na Uniwersytecie Ekonomicznym we Wroc\u0142awiu w laboratoriach komputerowych wyposa\u017conych w niezb\u0119dne do tego celu oprogramowanie pozyskane od firmy IBM. Po\u0142\u0105czenie najnowszej my\u015bli technologicznej i bogatej oferty oprogramowania pozwoli zainteresowanym studentom odby\u0107 ciekawe i bardzo przydatne praktyki, pozna\u0107 mo\u017cliwo\u015bci niezwykle u\u017cytecznych i popularnych obecnie technologii informacyjnych, zaznajomi\u0107 si\u0119 z wielk\u0105 korporacj\u0105 jak\u0105 jest IBM oraz wykaza\u0107 si\u0119 kreatywno\u015bci\u0105 i zaanga\u017cowaniem w rozwi\u0105zywaniu przygotowanych zada\u0144 IT.<\/p>\n<p><strong>Kr\u00f3tko o praktykach Multipurpose Cloud Center (mc2) <\/strong><\/p>\n<p>W nowoczesnych korporacjach coraz cz\u0119\u015bciej praca przebiega w wirtualnych, mi\u0119dzynarodowych zespo\u0142ach. Szybko\u015b\u0107 przyswajania sobie nowej wiedzy jest najwa\u017cniejszym czynnikiem stanowi\u0105cym o przewadze jednych zespo\u0142\u00f3w nad innymi. Jest to r\u00f3wnie\u017c warunek konieczny innowacyjno\u015bci oferowanych przez te zespo\u0142y rozwi\u0105za\u0144. Cz\u0142onkowie takich rozproszonych grup projektowych pracuj\u0105 zdalnie, wirtualnie, a zasoby kt\u00f3re korporacja im udost\u0119pnia s\u0105 r\u00f3wnie\u017c optymalizowane &#8211; najlepszym obecnie rozwi\u0105zaniem jest wykorzystanie chmury IT (Cloud Computing), dzi\u0119ki kt\u00f3rej ka\u017cdy rezerwuje i u\u017cywa tylko tych materia\u0142\u00f3w, kt\u00f3rych rzeczywi\u015bcie potrzebuje.<\/p>\n<p>Praca w takim \u015brodowisku wymaga du\u017cej dyscypliny i odpowiedzialno\u015bci, a poniewa\u017c w wi\u0119kszo\u015bci przypadk\u00f3w sukces grupy zale\u017cy bezpo\u015brednio od wynik\u00f3w poszczeg\u00f3lnych cz\u0142onk\u00f3w zespo\u0142u, kluczowym jest zapoznanie si\u0119 z wirtualnymi \u015brodowiskami pracy ju\u017c na poziomie edukacji uniwersyteckiej.<\/p>\n<p><strong>Celem praktyk<\/strong> <strong>jest:<\/strong><\/p>\n<p>&#8211; zapoznanie student\u00f3w z oprogramowaniem u\u017cywanym w korporacjach,<br \/>\n&#8211; przedstawienie studentom metodologii pracy w chmurze obliczeniowej,<br \/>\n&#8211; realizacja projekt\u00f3w zespo\u0142owych Smarter Planet.<\/p>\n","protected":false},"excerpt":{"rendered":"<p>W\u015br\u00f3d innych inicjatyw dydaktycznych Katedry System\u00f3w Informacyjnych warto wymieni\u0107 nale\u017cy praktyki edukacyjne Multipurpose Cloud Center (mc2) organizowane przez firm\u0119 IBM we wsp\u00f3\u0142pracy z Uniwersytetem Ekonomicznym we Wroc\u0142awiu oraz Politechnik\u0105 Wroc\u0142awsk\u0105. Firma IBM we wsp\u00f3\u0142pracy z Uniwersytetem Ekonomicznym we Wroc\u0142awiu organizuje dla student\u00f3w UE we Wroc\u0142awiu wyj\u0105tkowe praktyki edukacyjne Multipurpose Cloud Center (mc2), kt\u00f3re realizowane s\u0105&hellip;<\/p>\n","protected":false},"author":1,"featured_media":0,"parent":0,"menu_order":0,"comment_status":"closed","ping_status":"closed","template":"","meta":{"footnotes":""},"_links":{"self":[{"href":"https:\/\/ksi.ue.wroc.pl\/index.php\/wp-json\/wp\/v2\/pages\/17"}],"collection":[{"href":"https:\/\/ksi.ue.wroc.pl\/index.php\/wp-json\/wp\/v2\/pages"}],"about":[{"href":"https:\/\/ksi.ue.wroc.pl\/index.php\/wp-json\/wp\/v2\/types\/page"}],"author":[{"embeddable":true,"href":"https:\/\/ksi.ue.wroc.pl\/index.php\/wp-json\/wp\/v2\/users\/1"}],"replies":[{"embeddable":true,"href":"https:\/\/ksi.ue.wroc.pl\/index.php\/wp-json\/wp\/v2\/comments?post=17"}],"version-history":[{"count":6,"href":"https:\/\/ksi.ue.wroc.pl\/index.php\/wp-json\/wp\/v2\/pages\/17\/revisions"}],"predecessor-version":[{"id":205,"href":"https:\/\/ksi.ue.wroc.pl\/index.php\/wp-json\/wp\/v2\/pages\/17\/revisions\/205"}],"wp:attachment":[{"href":"https:\/\/ksi.ue.wroc.pl\/index.php\/wp-json\/wp\/v2\/media?parent=17"}],"curies":[{"name":"wp","href":"https:\/\/api.w.org\/{rel}","templated":true}]}}