{"id":1526,"date":"2023-11-18T12:37:53","date_gmt":"2023-11-18T11:37:53","guid":{"rendered":"https:\/\/ksi.ue.wroc.pl\/?page_id=1526"},"modified":"2023-11-18T12:37:53","modified_gmt":"2023-11-18T11:37:53","slug":"profil-badawczo-naukowy-katedry","status":"publish","type":"page","link":"https:\/\/ksi.ue.wroc.pl\/index.php\/profil-badawczo-naukowy-katedry\/","title":{"rendered":"Profil badawczo-naukowy Katedry"},"content":{"rendered":"\n<p><\/p>\n<p class=\"has-text-align-left\">Profil badawczy Katedry w \u015bcis\u0142ym zwi\u0105zku koresponduje z jej nazw\u0105, aczkolwiek indywidualne zainteresowania pracownik\u00f3w reprezentuj\u0105 szeroki wachlarz zagadnie\u0144 obszaru informatyki gospodarczej. G\u0142\u00f3wny nacisk badawczy Katedry po\u0142o\u017cony jest na r\u00f3\u017cne aspekty rozwoju system\u00f3w informatycznych zarz\u0105dzania. W ostatnich latach, w ramach bada\u0144 rygorowych i fakultatywnych zesp\u00f3\u0142 Katedry podejmowa\u0142 tematy odnosz\u0105ce si\u0119 do system\u00f3w informacyjnych marketingu, logistyki oraz system\u00f3w informowania kierownictwa; zar\u00f3wno w uj\u0119ciu \u201dtwardym\u201d- in\u017cynieryjnym, jak i w \u201emi\u0119kkim\u201d- spo\u0142ecznym.<\/p>\n<p> <\/p>\n<p>Badania statutowe na najbli\u017csze lata koncentruj\u0105 si\u0119 wok\u00f3\u0142 tematyki <strong>system\u00f3w informacyjnych w zarz\u0105dzaniu organizacj\u0105<\/strong>. Badania dotycz\u0105 problematyki analizy, modelowania, projektowania, implementacji oraz eksploatacji system\u00f3w informatycznych, a w szczeg\u00f3lno\u015bci:<\/p>\n<p> <\/p>\n<ul>\n<li>funkcjonowania system\u00f3w informatycznych w gospodarce,<\/li>\n \n<li>analizy i projektowania nowej generacji system\u00f3w informatycznych,<\/li>\n \n<li>implementacji system\u00f3w informatycznych,<\/li>\n \n<li>tworzenia aplikacji biznesowych,<\/li>\n \n<li>narz\u0119dzi i metod wspomagaj\u0105cych projektowanie system\u00f3w informatycznych,<\/li>\n \n<li>bezpiecze\u0144stwa, dost\u0119pno\u015bci, adaptacyjno\u015bci, interoperacyjno\u015bci, wydajno\u015bci system\u00f3w informatycznych,<\/li>\n \n<li>Big Data,<\/li>\n \n<li>Data Science.<\/li>\n<\/ul>\n<p> <\/p>\n<p>Badania te dotycz\u0105 w szczeg\u00f3lno\u015bci nowoczesnych system\u00f3w informatycznych, modelu przetwarzania opartego na u\u017cytkowaniu us\u0142ug dostarczonych przez zewn\u0119trzne organizacje \u2013 <em>cloud computing<\/em>, a w szczeg\u00f3lno\u015bci nowych form dostarczania oprogramowania, takich jak model SaaS (ang. <em>Software as a Service<\/em>).<\/p>\n<p> <\/p>\n<p>O aktualno\u015bci i istotno\u015bci niniejszej tematyki \u015bwiadczy\u0107 mo\u017ce m.in. fakt, i\u017c w raporcie Gartner Group z pa\u017adziernika 2008 roku wirtualizacja i wspomniany cloud computing uznane zosta\u0142y za jedne z 10 najwa\u017cniejszych trend\u00f3w technologicznych w nast\u0119pnych latach.<\/p>\n<p> <\/p>\n<p>Katedra zainicjowa\u0142a\u00a0<b>Centrum Kompetencji IT in Service Economy (CC ITSE \u2013 <a href=\"http:\/\/itse.ue.wroc.pl\/\">itse.ue.wroc.pl<\/a>)<\/b>,<b> <\/b>kt\u00f3re prowadzi projekty badawczo-rozwojowe we wsp\u00f3\u0142pracy z innymi instytucjami, przedsi\u0119biorstwami i organizacjami rz\u0105dowymi oraz spo\u0142ecznymi z ca\u0142ej Europy.<\/p>\n<p> <\/p>\n<p>Badania prowadzone przez Katedr\u0119 odzwierciedlaj\u0105 szeroki obszar zainteresowa\u0144 zar\u00f3wno kadry naukowej, jak i student\u00f3w. W ostatnich latach badania zogniskowa\u0142y si\u0119 wok\u00f3\u0142 obszar\u00f3w, w kt\u00f3rych istnieje najwi\u0119kszy potencja\u0142 intelektualny pracownik\u00f3w, co odzwierciedlaj\u0105 pozyskane znacz\u0105ce granty projektowe, a powsta\u0142e grupy badawcze opieraj\u0105 si\u0119 nie tylko na istniej\u0105cej kadrze naukowo-dydaktycznej. Grupy te uczestnicz\u0105 w mi\u0119dzynarodowych konsorcjach naukowych i przyjmuj\u0105 struktur\u0119 otwart\u0105 na wsp\u00f3\u0142prac\u0119 mi\u0119dzynarodow\u0105. Jako przyk\u0142ady temat\u00f3w badawczych realizowanych w ramach Katedry mo\u017cna wymieni\u0107: ukierunkowanych na podnoszenie jako\u015bci \u017cycia, aktywizacji os\u00f3b starszych, a tak\u017ce dla wsparcia zintegrowanych \u015bcie\u017cek opieki medycznej; metody projektowania rozwi\u0105za\u0144 informatycznych wykorzystuj\u0105cych technologie chmury obliczeniowej, Big Data, w tym zastosowania tych technologii w zarz\u0105dzaniu logistyk\u0105, energi\u0105 i opiek\u0105 zdrowotn\u0105; rozw\u00f3j gospodarki elektronicznej oraz zastosowa\u0144 Internetu w biznesie.<\/p>\n<p> <\/p>\n<p>W ostatni latach szczeg\u00f3lna uwaga po\u0142o\u017cona jest na badania odnosz\u0105ce si\u0119 do tzw. <strong>smart technologies <\/strong><strong>w obszarach logistyki oraz energetyki<\/strong>. W tych obszarach pracownicy Katedry aktywnie uczestniczyli w pracach zespo\u0142\u00f3w mi\u0119dzynarodowych maj\u0105cych na celu aplikowanie do program\u00f3w rozwojowych Unii Europejskiej. Jednym z efekt\u00f3w tych stara\u0144 jest udzia\u0142 pracownik\u00f3w Katedry w pozyskaniu grantu badawczego (w grudniu 2010) w ramach konsorcjum <strong>LOGICAL<\/strong> Ca\u0142kowity fundusz bada\u0144 przekracza 3mln EUR w perspektywie czasowej 42 miesi\u0119cy. Konsorcjum sk\u0142ada si\u0119 z 16 partner\u00f3w instytucjonalnych, pochodz\u0105cych z 6 kraj\u00f3w (Czechy, Niemcy, W\u0119gry, W\u0142ochy, Polska, S\u0142owenia).<\/p>\n<p> <\/p>\n<p>Katedra jako jeden z cz\u0142onk\u00f3w mi\u0119dzynarodowego konsorcjum bra\u0142a tak\u017ce udzia\u0142 w przygotowaniu wniosku badawczego po\u015bwi\u0119conego problematyce zarz\u0105dzania energi\u0105. G\u0142\u00f3wnym celem badawczo-rozwojowym <strong>Centrum Inteligentnych System\u00f3w Zarz\u0105dzania Energi\u0105<\/strong> jest opracowanie innowacyjnych rozwi\u0105za\u0144 informatycznych dla efektywnego zarz\u0105dzania energi\u0105 w inteligentnych sieciach energetycznych (ang. <em>Smart Grid<\/em>).<\/p>\n<p> <\/p>\n<p>Katedra realizowa\u0142a dwa du\u017ce projekty zwi\u0105zane z aktywizacj\u0105 os\u00f3b starszych <strong>Independent Living<\/strong> (wraz z uniwersytetem w St.Gallen) oraz <strong>ActGo-Gate <\/strong>(<strong>Active Retiree and Golden Workers Gate<\/strong>) w programie <em>Ambient Assisted Living<\/em> (AAL) &#8211; <a href=\"http:\/\/ksi.ue.wroc.pl\/index.php\/projekt-actgo-gate\/\">czytaj wi\u0119cej<\/a><\/p>\n<p> <\/p>\n<p>Pracownicy Katedry zaanga\u017cowani s\u0105 w kolejny projekt naukowo-badawczy HeartBit 4.0 w ramach programu Horyzont 2020 (realizowany w konsorcjum 5 uczelni z Polski, Niemiec i Czech). Celem projektu <strong>HeartBIT 4.0<\/strong>\u00a0\u2013\u00a0<em>Application of innovative Medical Data Science technologies for heart diseases\u00a0<\/em>jest przeprowadzenie serii szkole\u0144, warsztat\u00f3w, konsultacji oraz opracowanie materia\u0142\u00f3w dla pracownik\u00f3w z Katedry i Kliniki Chor\u00f3b Serca Uniwersytetu Medycznego we Wroc\u0142awiu m.in. w zakresie zastosowania nowoczesnych technologii Big Data, technik Data Science i uczenia maszynowego w medycynie oraz bezpiecze\u0144stwa danych medycznych.\u00a0 &#8211; <a href=\"http:\/\/ksi.ue.wroc.pl\/index.php\/projekt-heartbit-4-0-w-ramach-programu-horyzont-2020\/\">czytaj wi\u0119cej<\/a><\/p>\n<p> <\/p>\n<p>Ponadto Pracownicy Katedry pozyskali dofinansowanie projektu \u201e<strong>Technologiczna Fabryka Ucz\u0105ca dla Przemys\u0142u Przysz\u0142o\u015bci\u201d<\/strong>. Decyzj\u0105 Ministerstwa Przedsi\u0119biorczo\u015bci i Technologii przyznano dofinansowanie w Konkursie \u201eStandaryzacja us\u0142ug Hub\u00f3w Innowacji Cyfrowych dla wsparcia cyfrowej transformacji przedsi\u0119biorstw\u201d w ramach Programu Ministra na lata 2019-2021 p.n. \u201ePrzemys\u0142 4.0\u201d. Projekt sk\u0142adany by\u0142 przez konsorcjum uczelni publicznych i przedsi\u0119biorstw, w sk\u0142ad kt\u00f3rego wchodzi UE we Wroc\u0142awiu &#8211; <a href=\"http:\/\/ksi.ue.wroc.pl\/index.php\/projekt-technologiczna-fabryka-uczaca-dla-przemyslu-przyszlosci\/\">czytaj wi\u0119cej<\/a>.<\/p>\n<p><strong>Aktualnie Katedra realizuje projekt EDIH European Digital Innovation Hub w ramach programu Komisji Europejskiej \u201eDigital Europe\u201d.\u00a0<\/strong><\/p>\n<p><\/p>\n","protected":false},"excerpt":{"rendered":"","protected":false},"author":1,"featured_media":0,"parent":0,"menu_order":0,"comment_status":"closed","ping_status":"closed","template":"","meta":{"footnotes":""},"_links":{"self":[{"href":"https:\/\/ksi.ue.wroc.pl\/index.php\/wp-json\/wp\/v2\/pages\/1526"}],"collection":[{"href":"https:\/\/ksi.ue.wroc.pl\/index.php\/wp-json\/wp\/v2\/pages"}],"about":[{"href":"https:\/\/ksi.ue.wroc.pl\/index.php\/wp-json\/wp\/v2\/types\/page"}],"author":[{"embeddable":true,"href":"https:\/\/ksi.ue.wroc.pl\/index.php\/wp-json\/wp\/v2\/users\/1"}],"replies":[{"embeddable":true,"href":"https:\/\/ksi.ue.wroc.pl\/index.php\/wp-json\/wp\/v2\/comments?post=1526"}],"version-history":[{"count":1,"href":"https:\/\/ksi.ue.wroc.pl\/index.php\/wp-json\/wp\/v2\/pages\/1526\/revisions"}],"predecessor-version":[{"id":1527,"href":"https:\/\/ksi.ue.wroc.pl\/index.php\/wp-json\/wp\/v2\/pages\/1526\/revisions\/1527"}],"wp:attachment":[{"href":"https:\/\/ksi.ue.wroc.pl\/index.php\/wp-json\/wp\/v2\/media?parent=1526"}],"curies":[{"name":"wp","href":"https:\/\/api.w.org\/{rel}","templated":true}]}}