{"id":1272,"date":"2020-01-18T22:55:50","date_gmt":"2020-01-18T21:55:50","guid":{"rendered":"http:\/\/ksi.ue.wroc.pl\/?page_id=1272"},"modified":"2020-09-16T00:11:11","modified_gmt":"2020-09-15T22:11:11","slug":"projekt-technologiczna-fabryka-uczaca-dla-przemyslu-przyszlosci","status":"publish","type":"page","link":"https:\/\/ksi.ue.wroc.pl\/index.php\/projekt-technologiczna-fabryka-uczaca-dla-przemyslu-przyszlosci\/","title":{"rendered":"Projekt Level 4.0 | Digital Innovation Hub Wroc\u0142aw"},"content":{"rendered":"\n<p><img loading=\"lazy\" decoding=\"async\" class=\"wp-image-1261 alignleft\" src=\"http:\/\/ksi.ue.wroc.pl\/wp-content\/uploads\/2020\/01\/fabryka-300x160.png\" alt=\"\" width=\"286\" height=\"152\" srcset=\"https:\/\/ksi.ue.wroc.pl\/wp-content\/uploads\/2020\/01\/fabryka-300x160.png 300w, https:\/\/ksi.ue.wroc.pl\/wp-content\/uploads\/2020\/01\/fabryka.png 642w\" sizes=\"(max-width: 286px) 100vw, 286px\" \/>Pracownicy Katedry pozyskali dofinansowanie projektu <span style=\"font-weight: 400;\">Level 4.0 | Digital Innovation Hub Wroc\u0142aw <\/span>\u201eTechnologiczna Fabryka Ucz\u0105ca dla Przemys\u0142u Przysz\u0142o\u015bci\u201d. Decyzj\u0105 Ministerstwa Przedsi\u0119biorczo\u015bci i Technologii przyznano dofinansowanie w Konkursie \u201eStandaryzacja us\u0142ug Hub\u00f3w Innowacji Cyfrowych dla wsparcia cyfrowej transformacji przedsi\u0119biorstw\u201d w ramach Programu Ministra na lata 2019-2021 p.n. \u201ePrzemys\u0142 4.0\u201d. Projekt \u201eLevel 4.0 | Digital Innovation Hub\u201d sk\u0142adany by\u0142 przez konsorcjum uczelni publicznych i przedsi\u0119biorstw, w sk\u0142ad kt\u00f3rego wchodzi UE we Wroc\u0142awiu.<\/p>\n<p>Aplikacj\u0119 ze strony UE we Wroc\u0142awiu przygotowa\u0142 zesp\u00f3\u0142 w sk\u0142adzie: dr Artur Rot, dr Maciej Pondel, dr Krzysztof Hauke i dr hab. Marcin Hernes przy wsparciu prorektora ds. nauki prof. Jerzego Niemczyka. Kierownikiem projektu jest dr Artur Rot.<\/p>\n<p><strong>Aplikacja otrzyma\u0142a 77 pkt. na 85 pkt. mo\u017cliwych, co klasyfikuje j\u0105 na 2. pozycji na li\u015bcie rankingowej!!!<\/strong><\/p>\n<p>Projekt realizowany jest w konsorcjum nast\u0119puj\u0105cych podmiot\u00f3w: Uniwersytet Ekonomiczny we Wroc\u0142awiu, Politechnika Wroc\u0142awska, Wroc\u0142awski Park Technologiczny, Balluff Sp. z o.o., TestArmy Group. W ramach przedsi\u0119wzi\u0119cia powstanie centrum us\u0142ug eksperckich, doradczych oraz wdro\u017ceniowych, z zakresu innowacyjnych technologii, rozwi\u0105za\u0144 biznesowych oraz kompetencji niezb\u0119dnych do sprawnego rozwoju i konkurowania w ramach czwartej rewolucji przemys\u0142owej. Nadrz\u0119dnym celem DIH b\u0119dzie przekazywanie wiedzy oraz szerzenie idei Przemys\u0142u 4.0 w\u015br\u00f3d lokalnych przedsi\u0119biorstw, jednostek otoczenia biznesu, grup badawczych, instytucji rz\u0105dowych oraz edukacyjnych. Infrastruktura nale\u017c\u0105ca do konsorcjum oraz ta planowana do zakupu w ramach uzupe\u0142nienia istniej\u0105cych brak\u00f3w s\u0142u\u017cy\u0107 b\u0119dzie do przeprowadzania bada\u0144, testowaniu nowych rozwi\u0105za\u0144, doskonaleniu istniej\u0105cych proces\u00f3w, jak r\u00f3wnie\u017c praktycznemu szkoleniu i podnoszeniu kompetencji pracownik\u00f3w.<\/p>\n<p><iframe loading=\"lazy\" title=\"SPOT z setkami 11 09\" width=\"550\" height=\"309\" src=\"https:\/\/www.youtube.com\/embed\/_w312ZktKeQ?feature=oembed\" frameborder=\"0\" allow=\"accelerometer; autoplay; clipboard-write; encrypted-media; gyroscope; picture-in-picture\" allowfullscreen><\/iframe><\/p>\n<p>\u00a0<\/p>\n","protected":false},"excerpt":{"rendered":"<p>Pracownicy Katedry pozyskali dofinansowanie projektu Level 4.0 | Digital Innovation Hub Wroc\u0142aw \u201eTechnologiczna Fabryka Ucz\u0105ca dla Przemys\u0142u Przysz\u0142o\u015bci\u201d. Decyzj\u0105 Ministerstwa Przedsi\u0119biorczo\u015bci i Technologii przyznano dofinansowanie w Konkursie \u201eStandaryzacja us\u0142ug Hub\u00f3w Innowacji Cyfrowych dla wsparcia cyfrowej transformacji przedsi\u0119biorstw\u201d w ramach Programu Ministra na lata 2019-2021 p.n. \u201ePrzemys\u0142 4.0\u201d. Projekt \u201eLevel 4.0 | Digital Innovation Hub\u201d sk\u0142adany&hellip;<\/p>\n","protected":false},"author":1,"featured_media":0,"parent":0,"menu_order":0,"comment_status":"closed","ping_status":"closed","template":"","meta":{"footnotes":""},"_links":{"self":[{"href":"https:\/\/ksi.ue.wroc.pl\/index.php\/wp-json\/wp\/v2\/pages\/1272"}],"collection":[{"href":"https:\/\/ksi.ue.wroc.pl\/index.php\/wp-json\/wp\/v2\/pages"}],"about":[{"href":"https:\/\/ksi.ue.wroc.pl\/index.php\/wp-json\/wp\/v2\/types\/page"}],"author":[{"embeddable":true,"href":"https:\/\/ksi.ue.wroc.pl\/index.php\/wp-json\/wp\/v2\/users\/1"}],"replies":[{"embeddable":true,"href":"https:\/\/ksi.ue.wroc.pl\/index.php\/wp-json\/wp\/v2\/comments?post=1272"}],"version-history":[{"count":5,"href":"https:\/\/ksi.ue.wroc.pl\/index.php\/wp-json\/wp\/v2\/pages\/1272\/revisions"}],"predecessor-version":[{"id":1421,"href":"https:\/\/ksi.ue.wroc.pl\/index.php\/wp-json\/wp\/v2\/pages\/1272\/revisions\/1421"}],"wp:attachment":[{"href":"https:\/\/ksi.ue.wroc.pl\/index.php\/wp-json\/wp\/v2\/media?parent=1272"}],"curies":[{"name":"wp","href":"https:\/\/api.w.org\/{rel}","templated":true}]}}