{"id":1167,"date":"2019-07-06T22:21:48","date_gmt":"2019-07-06T20:21:48","guid":{"rendered":"http:\/\/ksi.ue.wroc.pl\/?page_id=1167"},"modified":"2020-08-11T14:11:28","modified_gmt":"2020-08-11T12:11:28","slug":"springer","status":"publish","type":"page","link":"https:\/\/ksi.ue.wroc.pl\/index.php\/springer\/","title":{"rendered":"Springer"},"content":{"rendered":"\n<p><img loading=\"lazy\" decoding=\"async\" class=\"wp-image-1291 alignleft\" src=\"http:\/\/ksi.ue.wroc.pl\/wp-content\/uploads\/2020\/01\/9783030404161.jpg\" alt=\"\" width=\"260\" height=\"393\" \/><\/p>\n<p>Mi\u0142o nam zakomunikowa\u0107, i\u017c ukaza\u0142a si\u0119 monografia naukowa wydana nak\u0142adem wydawnictwa Springer pt. \u201e<strong>Towards Industry 4.0 \u2013 Current Challenges in Information Systems&#8221;<\/strong>. Redaktorami monografii s\u0105: Marcin Hernes, Artur Rot oraz Dorota Jelonek.<\/p>\n<p>Wi\u0119cej mo\u017cna przeczyta\u0107 na stronach wyd. Sprnger: <a href=\"https:\/\/www.springer.com\/gp\/book\/9783030404161\">https:\/\/www.springer.com\/gp\/book\/9783030404161<\/a><\/p>\n<h4 style=\"text-align: center;\"><a href=\"http:\/\/ksi.ue.wroc.pl\/wp-content\/uploads\/2020\/01\/ProductFlyer_9783030404161.pdf\">Ulotka informacyjna<\/a><\/h4>\n<pre>Marcin Hernes<br \/>Artur Rot<br \/>Dorota Jelonek<br \/><strong>Redaktorzy naukowi monografii<br \/><br \/><br \/><\/strong><\/pre>\n\n\n\n<div class=\"wp-block-image\"><figure class=\"aligncenter size-large\"><img loading=\"lazy\" decoding=\"async\" width=\"589\" height=\"547\" src=\"http:\/\/ksi.ue.wroc.pl\/wp-content\/uploads\/2020\/01\/SpringerBook.png\" alt=\"\" class=\"wp-image-1314\" srcset=\"https:\/\/ksi.ue.wroc.pl\/wp-content\/uploads\/2020\/01\/SpringerBook.png 589w, https:\/\/ksi.ue.wroc.pl\/wp-content\/uploads\/2020\/01\/SpringerBook-300x279.png 300w\" sizes=\"(max-width: 589px) 100vw, 589px\" \/><\/figure><\/div>\n","protected":false},"excerpt":{"rendered":"<p>Mi\u0142o nam zakomunikowa\u0107, i\u017c ukaza\u0142a si\u0119 monografia naukowa wydana nak\u0142adem wydawnictwa Springer pt. \u201eTowards Industry 4.0 \u2013 Current Challenges in Information Systems&#8221;. Redaktorami monografii s\u0105: Marcin Hernes, Artur Rot oraz Dorota Jelonek. Wi\u0119cej mo\u017cna przeczyta\u0107 na stronach wyd. Sprnger: https:\/\/www.springer.com\/gp\/book\/9783030404161 Ulotka informacyjna Marcin HernesArtur RotDorota JelonekRedaktorzy naukowi monografii<\/p>\n","protected":false},"author":1,"featured_media":0,"parent":0,"menu_order":0,"comment_status":"closed","ping_status":"closed","template":"","meta":{"footnotes":""},"_links":{"self":[{"href":"https:\/\/ksi.ue.wroc.pl\/index.php\/wp-json\/wp\/v2\/pages\/1167"}],"collection":[{"href":"https:\/\/ksi.ue.wroc.pl\/index.php\/wp-json\/wp\/v2\/pages"}],"about":[{"href":"https:\/\/ksi.ue.wroc.pl\/index.php\/wp-json\/wp\/v2\/types\/page"}],"author":[{"embeddable":true,"href":"https:\/\/ksi.ue.wroc.pl\/index.php\/wp-json\/wp\/v2\/users\/1"}],"replies":[{"embeddable":true,"href":"https:\/\/ksi.ue.wroc.pl\/index.php\/wp-json\/wp\/v2\/comments?post=1167"}],"version-history":[{"count":28,"href":"https:\/\/ksi.ue.wroc.pl\/index.php\/wp-json\/wp\/v2\/pages\/1167\/revisions"}],"predecessor-version":[{"id":1400,"href":"https:\/\/ksi.ue.wroc.pl\/index.php\/wp-json\/wp\/v2\/pages\/1167\/revisions\/1400"}],"wp:attachment":[{"href":"https:\/\/ksi.ue.wroc.pl\/index.php\/wp-json\/wp\/v2\/media?parent=1167"}],"curies":[{"name":"wp","href":"https:\/\/api.w.org\/{rel}","templated":true}]}}