{"id":10,"date":"2016-09-08T16:02:45","date_gmt":"2016-09-08T14:02:45","guid":{"rendered":"http:\/\/ksi.ue.wroc.pl\/?page_id=10"},"modified":"2023-12-05T09:01:59","modified_gmt":"2023-12-05T08:01:59","slug":"historia-katedry","status":"publish","type":"page","link":"https:\/\/ksi.ue.wroc.pl\/","title":{"rendered":"Historia Katedry"},"content":{"rendered":"<p><img loading=\"lazy\" decoding=\"async\" class=\" wp-image-13 alignleft\" src=\"http:\/\/ksi.ue.wroc.pl\/wp-content\/uploads\/2016\/09\/books-magazines-building-school-300x199.jpg\" alt=\"books-magazines-building-school\" width=\"300\" height=\"199\" srcset=\"https:\/\/ksi.ue.wroc.pl\/wp-content\/uploads\/2016\/09\/books-magazines-building-school-300x199.jpg 300w, https:\/\/ksi.ue.wroc.pl\/wp-content\/uploads\/2016\/09\/books-magazines-building-school-768x510.jpg 768w, https:\/\/ksi.ue.wroc.pl\/wp-content\/uploads\/2016\/09\/books-magazines-building-school-1024x680.jpg 1024w\" sizes=\"(max-width: 300px) 100vw, 300px\" \/><br \/>\nPocz\u0105tki dzia\u0142alno\u015bci si\u0119gaj\u0105 1989 roku, kiedy do \u017cycia powo\u0142any zosta\u0142 Zak\u0142ad In\u017cynierii System\u00f3w Informatycznych Zarz\u0105dzania, kt\u00f3ry pi\u0119\u0107 lat p\u00f3\u017aniej (w 1994 r.) zosta\u0142 przekszta\u0142cony w katedr\u0119. Do roku 2010 kierownikiem by\u0142 profesor Adam Nowicki, w latach 2010-2016 kierownikiem Katedry by\u0142 profesor Leszek Maciaszek. Aktualnie funkcj\u0119 kierownika Katedry pe\u0142ni dr Artur Rot, prof. UEW.<\/p>\n<p>W roku 2014 Katedra przyj\u0119\u0142a nazw\u0119 Katedry System\u00f3w Informacyjnych.\u00a0 Profil badawczy Katedry w \u015bcis\u0142ym zwi\u0105zku koresponduje z jej nazw\u0105, aczkolwiek indywidualne zainteresowania naukowe pracownik\u00f3w reprezentuj\u0105 znacznie szerszy wachlarz zagadnie\u0144 obszaru informatyki ekonomicznej, a tak\u017ce innych dziedzin. W ostatnich latach zesp\u00f3\u0142 Katedry realizowa\u0142 prace badawczo-rozwojowe w ramach projektu <strong>Independent Living<\/strong>, na podstawie podpisanej w roku 2012 umowy z Uniwersytetem St.Gallen. w latach 2013-2017, w ramach konsorcjum z\u0142o\u017conego z siedmiu partner\u00f3w, badacze ze Szwajcarii, Niemiec i Polski realizowali projekt <strong>ActGo-Gate<\/strong>. Natomiast w ramach programu \u201eCopernicus&#8221; w Katedrze by\u0142y realizowane projekty: Etcetera, Hannibal i E-Study. Aktualnie Pracownicy Katedry zaanga\u017cowani s\u0105 w projekt <strong>HeartBIT 4.0<\/strong>\u00a0\u2013\u00a0<em>Application of innovative Medical Data Science technologies for heart diseases. Jego celem <\/em>jest przeprowadzenie serii szkole\u0144, warsztat\u00f3w, konsultacji oraz opracowanie materia\u0142\u00f3w dla pracownik\u00f3w z Katedry i Kliniki Chor\u00f3b Serca Uniwersytetu Medycznego we Wroc\u0142awiu m.in. w zakresie zastosowania nowoczesnych technologii Big Data, technik Data Science i uczenia maszynowego w medycynie oraz bezpiecze\u0144stwa danych medycznych. Nasza Uczelnia wraz z Technische Universit\u00e4t Dresden, Universit\u00e4t Leipzig i Vysok\u00e1 \u0160kola Ekonomick\u00e1 v Praze pe\u0142ni\u0107 b\u0119dzie rol\u0119 \u201eExcellence Partner\u201d dla \u00a0koordynatora i g\u0142\u00f3wnego beneficjenta projektu Uniwersytetu Medycznego we Wroc\u0142awiu. Czas realizacji projektu to 36 miesi\u0119cy, a jego bud\u017cet to ok. 788\u00a0000 Euro (w tym ok. 62\u00a0000 Euro UE we Wroc\u0142awiu).<\/p>\n<p>Ostatnio pracownicy Katedry pozyskali dofinansowanie projektu <strong>Technologiczna Fabryka Ucz\u0105ca dla Przemys\u0142u Przysz\u0142o\u015bci<\/strong>. Decyzj\u0105 Ministerstwa Przedsi\u0119biorczo\u015bci i Technologii przyznano dofinansowanie w Konkursie \u201eStandaryzacja us\u0142ug Hub\u00f3w Innowacji Cyfrowych dla wsparcia cyfrowej transformacji przedsi\u0119biorstw\u201d w ramach Programu Ministra na lata 2019-2021 p.n. \u201ePrzemys\u0142 4.0\u201d. Projekt sk\u0142adany by\u0142 przez konsorcjum uczelni publicznych i przedsi\u0119biorstw, w sk\u0142ad kt\u00f3rego wchodzi UE we Wroc\u0142awiu. <strong>Aplikacja otrzyma\u0142a 77 pkt. na 85 pkt. mo\u017cliwych, co klasyfikuje j\u0105 na 2. pozycji na li\u015bcie rankingowej!<\/strong><\/p>\n<p><strong>Aktualnie Katedra realizuje projekt EDIH European Digital Innovation Hub w ramach programu Komisji Europejskiej &#8222;Digital Europe&#8221;. <\/strong>Europejski Hub Innowacji Cyfrowych z Wroc\u0142awia <strong>WRO4digITal<\/strong>, utworzony przez konsorcjum 22 instytucji oferuj\u0105cych kompleksowe wsparcie w procesie transformacji cyfrowej. Dolno\u015bl\u0105skie firmy oraz jednostki administracji publicznej mog\u0105 skorzysta\u0107 z nieodp\u0142atnych us\u0142ug eksperckich i zmodernizowa\u0107 spos\u00f3b produkcji lub \u015bwiadczenia us\u0142ug zgodnie z obecnymi trendami cyfryzacyjnymi. WRO4digITal to cz\u0142onek transeuropejskiej sieci European Digital Innovation Hubs, kt\u00f3ra stanowi podstawowe narz\u0119dzie Komisji Europejskiej do wspierania i koordynacji transformacji cyfrowej gospodarki Unii Europejskiej.<\/p>\n<p>Katedra jest r\u00f3wnie\u017c wsp\u00f3\u0142organizatorem kilku mi\u0119dzynarodowych konferencji. W ostatnim czasie na UEW odby\u0142a si\u0119 konferencja <strong>2023 13th International Conference on Advanced Computer Information Technologies<\/strong>, wsp\u00f3\u0142organizowana jest przez <strong>Uniwersytet Ekonomiczny we Wroc\u0142awiu przy wsp\u00f3\u0142pracy z uczelniami z Niemiec, Czech, S\u0142owacji i Ukrainy oraz stowarzyszenia IEEE (Institute of Electrical and Electronics Engineers)<\/strong>.\u00a0Konferencja ACIT to\u00a0coroczne mi\u0119dzynarodowe forum wymiany wiedzy i do\u015bwiadcze\u0144\u00a0dla badaczy, pracownik\u00f3w akademickich, specjalist\u00f3w i student\u00f3w z r\u00f3\u017cnych dziedzin informatyki i system\u00f3w informatycznych, a w szczeg\u00f3lno\u015bci\u00a0in\u017cynierii oprogramowania, sztucznej inteligencji, cyberbezpiecze\u0144stwa, zastosowania system\u00f3w informacyjnych w ekonomii i zarz\u0105dzaniu. W ostatnich latach konferencja gromadzi\u0142a corocznie naukowc\u00f3w\u00a0z ponad 40 kraj\u00f3w \u015bwiata\u00a0reprezentuj\u0105cych\u00a0niemal 200 uniwersytet\u00f3w. Wszystkie zaakceptowane artyku\u0142y s\u0105 przekazywane do indeksacji w kluczowych mi\u0119dzynarodowych bazach takich jak Web of Science, Scopus, IEEE Xplore Digital Library, CiteSeerX, Google Scholar itp.<\/p>\n<p>Pracownicy Katedry prowadz\u0105 zaj\u0119cia dydaktyczne na studiach licencjackich, magisterskich, doktoranckich oraz dla student\u00f3w programu Erasmus. Dydaktyka w ramach studi\u00f3w I i II stopnia, prowadzona jest g\u0142\u00f3wnie na kierunku <strong>Informatyka w Biznesie<\/strong> i jego wersji angloj\u0119zycznej \u2013 <strong>Business Informatics<\/strong>. W ofercie Katedry figuruj\u0105 tak\u017ce studia podyplomowe Cyber Security Management, kt\u00f3re organizowane s\u0105 przy wsp\u00f3\u0142pracy firmy IBM Polska i IBM New York oraz studia podyplomowe Data Science: Zaawansowana analiza danych na poziomie podstawowym oraz zaawansowanym.<\/p>\n<p>W celu u\u0142atwienia mi\u0119dzynarodowej wymiany student\u00f3w, w 2010 roku podpisano umow\u0119 z <strong>IS:Link<\/strong> \u2013 mi\u0119dzynarodowym konsorcjum wymiany student\u00f3w informatyki biznesowej. W ramach tego konsorcjum, od 2011 roku Katedra organizuje szko\u0142\u0119 letni\u0105<strong> Summer School on Data Science<\/strong>. W ramach tej szko\u0142y prowadz\u0105 zaj\u0119cia wyk\u0142adowcy z Australii, Niemiec i Polski, a studenci przyje\u017cd\u017caj\u0105 z ca\u0142ego \u015bwiata, \u00a0m.in. z Izraela, Brazylii, Meksyku, Chin, Hiszpanii, Niemiec, Portugalii, Szwajcarii, Francji, Wielkiej Brytanii, Finlandii, Ukrainy i Polski.<\/p>\n<p>Pracownicy Katedry utrzymuj\u0105 sta\u0142e kontakty z krajowymi i zagranicznymi instytucjami naukowymi. Katedra zawar\u0142a porozumienia o wsp\u00f3\u0142pracy: m.in. z Boise State University, Idaho i Beijing Institute of Technology. W przeci\u0105gu ostatnich lat nawi\u0105zano wsp\u00f3\u0142prac\u0119 z plac\u00f3wkami akademickimi m.in. w USA, Portugalii, Australii, Szwajcarii, Francji, Czechach, Ukrainie, S\u0142owacji oraz Niemczech. Szczeg\u00f3lnie silna jest wsp\u00f3\u0142praca z Uniwersytetem w St.Gallen, Uniwersytetem w Lipsku oraz Polytechnic Institute of Set\u00fabal.<\/p>\n<p>W Katedrze pracowa\u0142y nast\u0119puj\u0105ce osoby: mgr in\u017c. Grzegorz Biziel, dr hab. Andrzej Bytniewski prof. UE, dr Iwona Chomiak-Orsa, prof. UE, dr Marianna Kowalska, mgr in\u017c. Janusz Czerniawski, mgr in\u017c. Marianna Danilewicz, mgr Jacek Jagie\u0142\u0142o, dr in\u017c. Lidia Jasiulewicz, mgr Mariusz Kosiak, prof. dr hab Adam Nowicki, mgr Robert Perli\u0144ski, dr Rados\u0142aw Pruchnik, mgr in\u017c. Adam Pyka, mgr in\u017c. Tomasz Skalniak, dr Marek Skwarnik, mgr in\u017c. Jan S\u0142owik, dr Ma\u0142gorzata Sobi\u0144ska, dr Cezary St\u0119pniak, mgr Marek \u015awi\u0105tek, prof. dr hab. in\u017c. Jacek Unold i mgr Ma\u0142gorzata Zieli\u0144ska.<\/p>\n<p>W Katedrze tytu\u0142y i stopnie naukowe otrzyma\u0142y nast\u0119puj\u0105ce osoby: tytu\u0142 profesora nauk ekonomicznych &#8211; Adam Nowicki; stopie\u0144 doktora habilitowanego &#8211; Andrzej Bytniewski i Jacek Unold, a stopie\u0144 doktora &#8211; Rados\u0142aw Pruchnik, Jacek Unold, Cezary St\u0119pniak, Ryszard Zyga\u0142a, Iwona Chomiak, Ma\u0142gorzata Sobi\u0144ska, Jacek Szyma\u0144ski, Aneta Jarosz-Pa\u0142ach, Artur Rot, Monika Sitarska, Sebastian Gadomski, Marek Zieli\u0144ski, Wies\u0142awa Gryncewicz, Andrzej Niesler, \u0141ukasz \u0141ysik, Gracja Wydmuch, Maja Leszczy\u0144ska i Karol \u0141opaci\u0144ski.<\/p>\n<p><img loading=\"lazy\" decoding=\"async\" class=\"alignnone wp-image-69\" src=\"http:\/\/ksi.ue.wroc.pl\/wp-content\/uploads\/2016\/09\/Ekonomiczny-174m-300x200.jpg\" alt=\"ekonomiczny-174m\" width=\"722\" height=\"481\" srcset=\"https:\/\/ksi.ue.wroc.pl\/wp-content\/uploads\/2016\/09\/Ekonomiczny-174m-300x200.jpg 300w, https:\/\/ksi.ue.wroc.pl\/wp-content\/uploads\/2016\/09\/Ekonomiczny-174m-768x513.jpg 768w, https:\/\/ksi.ue.wroc.pl\/wp-content\/uploads\/2016\/09\/Ekonomiczny-174m-1024x683.jpg 1024w\" sizes=\"(max-width: 722px) 100vw, 722px\" \/><\/p>\n","protected":false},"excerpt":{"rendered":"<p>Pocz\u0105tki dzia\u0142alno\u015bci si\u0119gaj\u0105 1989 roku, kiedy do \u017cycia powo\u0142any zosta\u0142 Zak\u0142ad In\u017cynierii System\u00f3w Informatycznych Zarz\u0105dzania, kt\u00f3ry pi\u0119\u0107 lat p\u00f3\u017aniej (w 1994 r.) zosta\u0142 przekszta\u0142cony w katedr\u0119. Do roku 2010 kierownikiem by\u0142 profesor Adam Nowicki, w latach 2010-2016 kierownikiem Katedry by\u0142 profesor Leszek Maciaszek. Aktualnie funkcj\u0119 kierownika Katedry pe\u0142ni dr Artur Rot, prof. UEW. W roku&hellip;<\/p>\n","protected":false},"author":1,"featured_media":0,"parent":0,"menu_order":0,"comment_status":"closed","ping_status":"closed","template":"","meta":{"footnotes":""},"_links":{"self":[{"href":"https:\/\/ksi.ue.wroc.pl\/index.php\/wp-json\/wp\/v2\/pages\/10"}],"collection":[{"href":"https:\/\/ksi.ue.wroc.pl\/index.php\/wp-json\/wp\/v2\/pages"}],"about":[{"href":"https:\/\/ksi.ue.wroc.pl\/index.php\/wp-json\/wp\/v2\/types\/page"}],"author":[{"embeddable":true,"href":"https:\/\/ksi.ue.wroc.pl\/index.php\/wp-json\/wp\/v2\/users\/1"}],"replies":[{"embeddable":true,"href":"https:\/\/ksi.ue.wroc.pl\/index.php\/wp-json\/wp\/v2\/comments?post=10"}],"version-history":[{"count":23,"href":"https:\/\/ksi.ue.wroc.pl\/index.php\/wp-json\/wp\/v2\/pages\/10\/revisions"}],"predecessor-version":[{"id":1543,"href":"https:\/\/ksi.ue.wroc.pl\/index.php\/wp-json\/wp\/v2\/pages\/10\/revisions\/1543"}],"wp:attachment":[{"href":"https:\/\/ksi.ue.wroc.pl\/index.php\/wp-json\/wp\/v2\/media?parent=10"}],"curies":[{"name":"wp","href":"https:\/\/api.w.org\/{rel}","templated":true}]}}